{"id":22946,"date":"2024-12-18T10:15:17","date_gmt":"2024-12-18T09:15:17","guid":{"rendered":"http:\/\/192.168.20.3\/?page_id=22946"},"modified":"2025-03-09T12:05:57","modified_gmt":"2025-03-09T11:05:57","slug":"implantacion-software-erp-crm-mes","status":"publish","type":"page","link":"https:\/\/orekait.com\/es\/servicios\/implantacion-software-erp-crm-mes\/","title":{"rendered":"Implantaci\u00f3n de software ERP, CRM y MES"},"content":{"rendered":"<p>[et_pb_section fb_built=&#8221;1&#8243; _builder_version=&#8221;4.25.2&#8243; _module_preset=&#8221;default&#8221; custom_margin=&#8221;||0px||false|false&#8221; custom_padding=&#8221;||0px||false|false&#8221; global_colors_info=&#8221;{}&#8221;][et_pb_row column_structure=&#8221;3_5,2_5&#8243; use_custom_gutter=&#8221;on&#8221; _builder_version=&#8221;4.25.2&#8243; _module_preset=&#8221;default&#8221; width=&#8221;90%&#8221; global_colors_info=&#8221;{}&#8221;][et_pb_column type=&#8221;3_5&#8243; _builder_version=&#8221;4.25.2&#8243; _module_preset=&#8221;default&#8221; global_colors_info=&#8221;{}&#8221;][et_pb_text admin_label=&#8221;Texto&#8221; _builder_version=&#8221;4.25.2&#8243; _module_preset=&#8221;default&#8221; custom_margin=&#8221;||10px||false|false&#8221; custom_padding=&#8221;||0px||false|false&#8221; global_colors_info=&#8221;{}&#8221;]<\/p>\n<h1 class=\"area\">SERVICIOS<\/h1>\n<p>[\/et_pb_text][et_pb_text _builder_version=&#8221;4.25.2&#8243; _module_preset=&#8221;default&#8221; header_font_size=&#8221;45px&#8221; header_line_height=&#8221;55px&#8221; custom_margin=&#8221;||10px||false|false&#8221; custom_padding=&#8221;||0px||false|false&#8221; global_colors_info=&#8221;{}&#8221;]<\/p>\n<h2>Implantaci\u00f3n de software<\/h2>\n<h2>ERP, CRM\u00a0 y\u00a0 MES<\/h2>\n<p>[\/et_pb_text][et_pb_text admin_label=&#8221;Texto&#8221; _builder_version=&#8221;4.25.2&#8243; _module_preset=&#8221;default&#8221; width=&#8221;85%&#8221; global_colors_info=&#8221;{}&#8221;]<\/p>\n<p>En nuestra empresa, entendemos que cada negocio es \u00fanico y enfrenta desaf\u00edos espec\u00edficos en su gesti\u00f3n y desarrollo. Por eso, ofrecemos servicios especializados en la implantaci\u00f3n de software <strong>ERP, CRM y MES,<\/strong> dise\u00f1ados para optimizar los procesos empresariales y mejorar la competitividad.<\/p>\n<p>[\/et_pb_text][et_pb_button button_url=&#8221;https:\/\/orekait.com\/es\/pide-informacion-solicita-demo\/&#8221; button_text=&#8221;M\u00e1s informaci\u00f3n&#8221; module_class=&#8221;btn-flecha&#8221; _builder_version=&#8221;4.25.2&#8243; _module_preset=&#8221;default&#8221; custom_button=&#8221;on&#8221; button_text_size=&#8221;16px&#8221; button_text_color=&#8221;#333333&#8243; button_bg_color=&#8221;RGBA(255,255,255,0)&#8221; button_border_color=&#8221;#CD0B79&#8243; button_border_radius=&#8221;50px&#8221; button_icon=&#8221;&#x24;||divi||400&#8243; button_icon_color=&#8221;#CD0B79&#8243; button_on_hover=&#8221;off&#8221; animation_style=&#8221;slide&#8221; animation_direction=&#8221;left&#8221; hover_enabled=&#8221;0&#8243; global_colors_info=&#8221;{}&#8221; sticky_enabled=&#8221;0&#8243;][\/et_pb_button][\/et_pb_column][et_pb_column type=&#8221;2_5&#8243; _builder_version=&#8221;4.25.2&#8243; _module_preset=&#8221;default&#8221; global_colors_info=&#8221;{}&#8221;][et_pb_divider show_divider=&#8221;off&#8221; disabled_on=&#8221;on|on|off&#8221; _builder_version=&#8221;4.25.2&#8243; _module_preset=&#8221;default&#8221; custom_margin=&#8221;100px||||false|false&#8221; global_colors_info=&#8221;{}&#8221;][\/et_pb_divider][et_pb_text _builder_version=&#8221;4.25.2&#8243; _module_preset=&#8221;default&#8221; custom_padding=&#8221;|||2%|false|false&#8221; border_width_left=&#8221;6px&#8221; border_color_left=&#8221;#00E1BB&#8221; global_colors_info=&#8221;{}&#8221;]<\/p>\n<p class=\"f-36\">Transforma tu negocio con soluciones integradas que te permitan tomar decisiones estrat\u00e9gicas basadas en datos precisos.<\/p>\n<p>[\/et_pb_text][\/et_pb_column][\/et_pb_row][\/et_pb_section][et_pb_section fb_built=&#8221;1&#8243; _builder_version=&#8221;4.25.2&#8243; _module_preset=&#8221;default&#8221; custom_margin=&#8221;0px||10px||false|false&#8221; custom_padding=&#8221;0px||0px||false|false&#8221; global_colors_info=&#8221;{}&#8221;][et_pb_row column_structure=&#8221;2_3,1_3&#8243; use_custom_gutter=&#8221;on&#8221; make_equal=&#8221;on&#8221; _builder_version=&#8221;4.25.2&#8243; _module_preset=&#8221;default&#8221; width=&#8221;100%&#8221; custom_margin=&#8221;||0px||false|false&#8221; custom_padding=&#8221;5%||5%||true|false&#8221; global_colors_info=&#8221;{}&#8221;][et_pb_column type=&#8221;2_3&#8243; _builder_version=&#8221;4.25.2&#8243; _module_preset=&#8221;default&#8221; background_image=&#8221;https:\/\/orekait.com\/wp-content\/uploads\/2025\/01\/Implantacio\u0301n-de-software-oreka-it.png&#8221; custom_padding=&#8221;10%||10%||true|false&#8221; custom_padding_tablet=&#8221;12%||12%||true|false&#8221; custom_padding_phone=&#8221;14%||14%||true|false&#8221; custom_padding_last_edited=&#8221;on|phone&#8221; animation_style=&#8221;fade&#8221; border_radii=&#8221;off||15px|15px|&#8221; border_width_all=&#8221;1px&#8221; border_color_all=&#8221;RGBA(255,255,255,0)&#8221; global_colors_info=&#8221;{}&#8221;][\/et_pb_column][et_pb_column type=&#8221;1_3&#8243; _builder_version=&#8221;4.25.2&#8243; _module_preset=&#8221;default&#8221; custom_padding=&#8221;|5%|||false|false&#8221; custom_padding_tablet=&#8221;|||5%|false|false&#8221; custom_padding_phone=&#8221;|4%||4%|false|true&#8221; custom_padding_last_edited=&#8221;on|phone&#8221; custom_css_main_element=&#8221;display: flex;||flex-direction: column;||justify-content: center;&#8221; global_colors_info=&#8221;{}&#8221;][et_pb_text _builder_version=&#8221;4.25.2&#8243; _module_preset=&#8221;default&#8221; global_colors_info=&#8221;{}&#8221;]<\/p>\n<p>Son herramientas clave que optimizan los procesos internos, mejoran la relaci\u00f3n con los clientes y controlan la producci\u00f3n de manera eficiente.<\/p>\n<p>Nos comprometemos a ofrecerte soluciones tecnol\u00f3gicas adaptadas a tus necesidades, impulsando la productividad, reduciendo costos y aumentando la competitividad de tu empresa.<\/p>\n<p>[\/et_pb_text][\/et_pb_column][\/et_pb_row][\/et_pb_section][et_pb_section fb_built=&#8221;1&#8243; _builder_version=&#8221;4.25.2&#8243; _module_preset=&#8221;default&#8221; custom_margin=&#8221;0px||||false|false&#8221; custom_padding=&#8221;0px||10px||false|false&#8221; global_colors_info=&#8221;{}&#8221;][et_pb_row use_custom_gutter=&#8221;on&#8221; _builder_version=&#8221;4.25.2&#8243; _module_preset=&#8221;default&#8221; width=&#8221;90%&#8221; global_colors_info=&#8221;{}&#8221;][et_pb_column type=&#8221;4_4&#8243; _builder_version=&#8221;4.25.2&#8243; _module_preset=&#8221;default&#8221; global_colors_info=&#8221;{}&#8221;][et_pb_blurb image=&#8221;https:\/\/orekait.com\/wp-content\/uploads\/2024\/10\/btn-berde-flecha.png&#8221; alt=&#8221;btn-berde-flecha&#8221; icon_placement=&#8221;left&#8221; image_icon_width=&#8221;84px&#8221; content_max_width=&#8221;80%&#8221; content_max_width_tablet=&#8221;100%&#8221; content_max_width_phone=&#8221;100%&#8221; content_max_width_last_edited=&#8221;on|phone&#8221; _builder_version=&#8221;4.25.2&#8243; _module_preset=&#8221;default&#8221; image_icon_custom_padding=&#8221;|20px|||false|false&#8221; module_alignment=&#8221;left&#8221; global_colors_info=&#8221;{}&#8221;]<\/p>\n<p><span style=\"font-weight: 300;\">ERP<\/span><\/p>\n<p><span style=\"color: #000;\"><strong>Gesti\u00f3n Integral de tu Empresa<\/strong><\/span><\/p>\n<p>Con nuestra implantaci\u00f3n de <strong>software ERP<\/strong> (Enterprise Resource Planning), podr\u00e1s centralizar y gestionar todos los procesos de tu empresa desde un \u00fanico sistema. Desde la contabilidad hasta la producci\u00f3n, pasando por las compras y ventas, un ERP permite automatizar y agilizar cada operaci\u00f3n, asegurando la trazabilidad de la informaci\u00f3n en tiempo real.<\/p>\n<p>Con nuestra ayuda, tu empresa podr\u00e1 tomar decisiones basadas en datos precisos y actualizados, mejorando la eficiencia operativa y facilitando el crecimiento sostenible.<\/p>\n<p>[\/et_pb_blurb][et_pb_divider show_divider=&#8221;off&#8221; disabled_on=&#8221;on|on|off&#8221; _builder_version=&#8221;4.25.2&#8243; _module_preset=&#8221;default&#8221; custom_margin=&#8221;20px||||false|false&#8221; global_colors_info=&#8221;{}&#8221;][\/et_pb_divider][et_pb_blurb image=&#8221;https:\/\/orekait.com\/wp-content\/uploads\/2024\/10\/btn-berde-flecha.png&#8221; alt=&#8221;btn-berde-flecha&#8221; icon_placement=&#8221;left&#8221; image_icon_width=&#8221;84px&#8221; content_max_width=&#8221;80%&#8221; content_max_width_tablet=&#8221;100%&#8221; content_max_width_phone=&#8221;100%&#8221; content_max_width_last_edited=&#8221;on|phone&#8221; _builder_version=&#8221;4.25.2&#8243; _module_preset=&#8221;default&#8221; image_icon_custom_padding=&#8221;|20px|||false|false&#8221; module_alignment=&#8221;left&#8221; global_colors_info=&#8221;{}&#8221;]<\/p>\n<p><span style=\"font-weight: 300;\">CRM<\/span><\/p>\n<p><span style=\"color: #000;\"><strong>Potencia tu Relaci\u00f3n con los Clientes<\/strong><\/span><\/p>\n<p>Nuestras soluciones de <strong>CRM<\/strong> (Customer Relationship Management) te permitir\u00e1n gestionar de forma eficaz las interacciones con tus clientes, optimizando la comunicaci\u00f3n y maximizando las oportunidades de ventas. Con un CRM bien implementado, podr\u00e1s conocer las necesidades de tus clientes, gestionar leads, y ofrecer un servicio personalizado que favorezca la fidelizaci\u00f3n.<\/p>\n<p>Te ayudamos a construir relaciones m\u00e1s s\u00f3lidas y a incrementar la satisfacci\u00f3n del cliente, lo que se traducir\u00e1 en un incremento de las ventas.<\/p>\n<p>[\/et_pb_blurb][et_pb_divider show_divider=&#8221;off&#8221; disabled_on=&#8221;on|on|off&#8221; _builder_version=&#8221;4.25.2&#8243; _module_preset=&#8221;default&#8221; custom_margin=&#8221;20px||||false|false&#8221; global_colors_info=&#8221;{}&#8221;][\/et_pb_divider][et_pb_blurb image=&#8221;https:\/\/orekait.com\/wp-content\/uploads\/2024\/10\/btn-berde-flecha.png&#8221; alt=&#8221;btn-berde-flecha&#8221; icon_placement=&#8221;left&#8221; image_icon_width=&#8221;84px&#8221; content_max_width=&#8221;80%&#8221; content_max_width_tablet=&#8221;100%&#8221; content_max_width_phone=&#8221;100%&#8221; content_max_width_last_edited=&#8221;on|phone&#8221; _builder_version=&#8221;4.25.2&#8243; _module_preset=&#8221;default&#8221; image_icon_custom_padding=&#8221;|20px|||false|false&#8221; module_alignment=&#8221;left&#8221; custom_padding=&#8221;||||false|false&#8221; global_colors_info=&#8221;{}&#8221;]<\/p>\n<p><span style=\"font-weight: 300;\">MES<\/span><\/p>\n<p><span style=\"color: #000;\"><strong>Control Total de tu Producci\u00f3n<\/strong><\/span><\/p>\n<p>La implementaci\u00f3n de un <strong>software MES<\/strong> (Manufacturing Execution System) es fundamental para tener un control total sobre el proceso productivo de tu empresa. Con nuestra soluci\u00f3n KELVIN by Oreka IT, podr\u00e1s optimizar procesos, aumentar la productividad y tomar decisiones estrat\u00e9gicas basadas en datos precisos e interconectados, reduciendo tiempos de inactividad y asegurando una producci\u00f3n eficiente.<\/p>\n<p>Nuestro equipo te acompa\u00f1ar\u00e1 en cada fase del proyecto, garantizando una integraci\u00f3n fluida con otros sistemas y un rendimiento continuo en todas las \u00e1reas productivas.<\/p>\n<p>[\/et_pb_blurb][\/et_pb_column][\/et_pb_row][\/et_pb_section][et_pb_section fb_built=&#8221;1&#8243; _builder_version=&#8221;4.25.2&#8243; _module_preset=&#8221;default&#8221; global_colors_info=&#8221;{}&#8221;][et_pb_row column_structure=&#8221;1_5,3_5,1_5&#8243; use_custom_gutter=&#8221;on&#8221; _builder_version=&#8221;4.25.2&#8243; _module_preset=&#8221;default&#8221; background_color=&#8221;#060657&#8243; background_image=&#8221;https:\/\/orekait.com\/wp-content\/uploads\/2024\/10\/Circulos.png&#8221; width=&#8221;90%&#8221; custom_padding=&#8221;6%|11%|6%|11%|true|true&#8221; border_radii=&#8221;on|15px|15px|15px|15px&#8221; border_width_all=&#8221;1px&#8221; border_color_all=&#8221;#f6f6f6&#8243; global_colors_info=&#8221;{}&#8221;][et_pb_column type=&#8221;1_5&#8243; _builder_version=&#8221;4.25.2&#8243; _module_preset=&#8221;default&#8221; global_colors_info=&#8221;{}&#8221;][\/et_pb_column][et_pb_column type=&#8221;3_5&#8243; _builder_version=&#8221;4.25.2&#8243; _module_preset=&#8221;default&#8221; global_colors_info=&#8221;{}&#8221;][et_pb_heading title=&#8221;Pide m\u00e1s informaci\u00f3n sobre Implantaci\u00f3n de software &#8221; _builder_version=&#8221;4.25.2&#8243; _module_preset=&#8221;default&#8221; title_level=&#8221;h2&#8243; title_text_align=&#8221;center&#8221; title_text_color=&#8221;#ffffff&#8221; title_font_size=&#8221;35px&#8221; global_colors_info=&#8221;{}&#8221;][\/et_pb_heading][et_pb_button button_url=&#8221;https:\/\/orekait.com\/es\/contacto\/&#8221; button_text=&#8221;Cont\u00e1ctanos&#8221; button_alignment=&#8221;center&#8221; module_class=&#8221;btn-flecha white&#8221; _builder_version=&#8221;4.25.2&#8243; _module_preset=&#8221;default&#8221; custom_button=&#8221;on&#8221; button_text_size=&#8221;16px&#8221; button_text_color=&#8221;#ffffff&#8221; button_bg_color=&#8221;RGBA(255,255,255,0)&#8221; button_border_color=&#8221;#00E1BB&#8221; button_border_radius=&#8221;50px&#8221; button_icon=&#8221;&#x24;||divi||400&#8243; button_icon_color=&#8221;#00E1BB&#8221; button_on_hover=&#8221;off&#8221; hover_enabled=&#8221;0&#8243; global_colors_info=&#8221;{}&#8221; sticky_enabled=&#8221;0&#8243;][\/et_pb_button][\/et_pb_column][et_pb_column type=&#8221;1_5&#8243; _builder_version=&#8221;4.25.2&#8243; _module_preset=&#8221;default&#8221; global_colors_info=&#8221;{}&#8221;][\/et_pb_column][\/et_pb_row][\/et_pb_section]<\/p>\n","protected":false},"excerpt":{"rendered":"<p>SERVICIOSImplantaci\u00f3n de software ERP, CRM\u00a0 y\u00a0 MESEn nuestra empresa, entendemos que cada negocio es \u00fanico y enfrenta desaf\u00edos espec\u00edficos en su gesti\u00f3n y desarrollo. Por eso, ofrecemos servicios especializados en la implantaci\u00f3n de software ERP, CRM y MES, dise\u00f1ados para optimizar los procesos empresariales y mejorar la competitividad.Transforma tu negocio con soluciones integradas que te [&hellip;]<\/p>\n","protected":false},"author":2,"featured_media":0,"parent":23228,"menu_order":0,"comment_status":"closed","ping_status":"closed","template":"","meta":{"_et_pb_use_builder":"on","_et_pb_old_content":"","_et_gb_content_width":"","footnotes":""},"class_list":["post-22946","page","type-page","status-publish","hentry"],"_links":{"self":[{"href":"https:\/\/orekait.com\/es\/wp-json\/wp\/v2\/pages\/22946","targetHints":{"allow":["GET"]}}],"collection":[{"href":"https:\/\/orekait.com\/es\/wp-json\/wp\/v2\/pages"}],"about":[{"href":"https:\/\/orekait.com\/es\/wp-json\/wp\/v2\/types\/page"}],"author":[{"embeddable":true,"href":"https:\/\/orekait.com\/es\/wp-json\/wp\/v2\/users\/2"}],"replies":[{"embeddable":true,"href":"https:\/\/orekait.com\/es\/wp-json\/wp\/v2\/comments?post=22946"}],"version-history":[{"count":38,"href":"https:\/\/orekait.com\/es\/wp-json\/wp\/v2\/pages\/22946\/revisions"}],"predecessor-version":[{"id":30228,"href":"https:\/\/orekait.com\/es\/wp-json\/wp\/v2\/pages\/22946\/revisions\/30228"}],"up":[{"embeddable":true,"href":"https:\/\/orekait.com\/es\/wp-json\/wp\/v2\/pages\/23228"}],"wp:attachment":[{"href":"https:\/\/orekait.com\/es\/wp-json\/wp\/v2\/media?parent=22946"}],"curies":[{"name":"wp","href":"https:\/\/api.w.org\/{rel}","templated":true}]}}