{"id":22759,"date":"2024-12-16T12:58:10","date_gmt":"2024-12-16T11:58:10","guid":{"rendered":"http:\/\/192.168.20.3\/?page_id=22759"},"modified":"2025-03-28T09:09:56","modified_gmt":"2025-03-28T08:09:56","slug":"contabiliza-facturas-recibidas-eloise","status":"publish","type":"page","link":"https:\/\/orekait.com\/es\/producto\/contabiliza-facturas-recibidas-eloise\/","title":{"rendered":"ELOISE \u00b7 Contabiliza facturas recibidas en SAP"},"content":{"rendered":"<p>[et_pb_section fb_built=&#8221;1&#8243; _builder_version=&#8221;4.25.2&#8243; _module_preset=&#8221;default&#8221; custom_margin=&#8221;||40px||false|false&#8221; custom_padding=&#8221;||0px||false|false&#8221; global_colors_info=&#8221;{}&#8221;][et_pb_row column_structure=&#8221;2_5,3_5&#8243; use_custom_gutter=&#8221;on&#8221; _builder_version=&#8221;4.25.2&#8243; _module_preset=&#8221;default&#8221; width=&#8221;90%&#8221; global_colors_info=&#8221;{}&#8221;][et_pb_column type=&#8221;2_5&#8243; _builder_version=&#8221;4.25.2&#8243; _module_preset=&#8221;default&#8221; global_colors_info=&#8221;{}&#8221;][et_pb_text admin_label=&#8221;Texto&#8221; _builder_version=&#8221;4.25.2&#8243; _module_preset=&#8221;default&#8221; custom_margin=&#8221;||10px||false|false&#8221; custom_padding=&#8221;||0px||false|false&#8221; global_colors_info=&#8221;{}&#8221;]<\/p>\n<h1 class=\"sub-pp\">ELOISE<\/h1>\n<p>[\/et_pb_text][et_pb_text _builder_version=&#8221;4.25.2&#8243; _module_preset=&#8221;default&#8221; header_font_size=&#8221;45px&#8221; header_line_height=&#8221;55px&#8221; custom_margin=&#8221;||10px||false|false&#8221; custom_padding=&#8221;||0px||false|false&#8221; global_colors_info=&#8221;{}&#8221;]<\/p>\n<h2 class=\"size-36\">Electronic Oreka Invoice SAP Extension<\/h2>\n<p>[\/et_pb_text][et_pb_divider show_divider=&#8221;off&#8221; _builder_version=&#8221;4.25.2&#8243; _module_preset=&#8221;default&#8221; custom_margin=&#8221;20px||||false|false&#8221; global_colors_info=&#8221;{}&#8221;][\/et_pb_divider][et_pb_button button_url=&#8221;https:\/\/orekait.com\/es\/pide-informacion-solicita-demo\/&#8221; url_new_window=&#8221;on&#8221; button_text=&#8221;Quiero saber m\u00e1s&#8221; module_class=&#8221;btn-flecha&#8221; _builder_version=&#8221;4.25.2&#8243; _module_preset=&#8221;default&#8221; custom_button=&#8221;on&#8221; button_text_size=&#8221;16px&#8221; button_text_color=&#8221;#333333&#8243; button_bg_color=&#8221;RGBA(255,255,255,0)&#8221; button_border_color=&#8221;#CD0B79&#8243; button_border_radius=&#8221;50px&#8221; button_icon=&#8221;&#x24;||divi||400&#8243; button_icon_color=&#8221;#CD0B79&#8243; button_on_hover=&#8221;off&#8221; animation_style=&#8221;slide&#8221; animation_direction=&#8221;left&#8221; global_colors_info=&#8221;{}&#8221;][\/et_pb_button][\/et_pb_column][et_pb_column type=&#8221;3_5&#8243; _builder_version=&#8221;4.25.2&#8243; _module_preset=&#8221;default&#8221; global_colors_info=&#8221;{}&#8221;][et_pb_divider show_divider=&#8221;off&#8221; _builder_version=&#8221;4.25.2&#8243; _module_preset=&#8221;default&#8221; custom_margin=&#8221;30px||||false|false&#8221; global_colors_info=&#8221;{}&#8221;][\/et_pb_divider][et_pb_text _builder_version=&#8221;4.25.2&#8243; _module_preset=&#8221;default&#8221; width=&#8221;85%&#8221; width_tablet=&#8221;100%&#8221; width_phone=&#8221;100%&#8221; width_last_edited=&#8221;on|phone&#8221; hover_enabled=&#8221;0&#8243; global_colors_info=&#8221;{}&#8221; sticky_enabled=&#8221;0&#8243;]<\/p>\n<p>Eloise es el asistente para la contabilizaci\u00f3n de facturas recibidas dise\u00f1ado por Oreka IT. Su misi\u00f3n principal es asistir al departamento de cuentas a pagar, en la contabilizaci\u00f3n de facturas recibidas provenientes de los proveedores, en formatos diferentes como PDF o XML. Mediante asistencia y propuestas de contabilizaci\u00f3n de facturas FI y MM, incluyendo validaci\u00f3n de facturas y workflows de autorizaci\u00f3n, utiliza tecnolog\u00eda de vanguardia 100% SAP para hacer m\u00e1s eficiente el proceso de contabilizaci\u00f3n.<\/p>\n<p>[\/et_pb_text][\/et_pb_column][\/et_pb_row][et_pb_row column_structure=&#8221;2_5,3_5&#8243; use_custom_gutter=&#8221;on&#8221; _builder_version=&#8221;4.25.2&#8243; _module_preset=&#8221;default&#8221; width=&#8221;90%&#8221; global_colors_info=&#8221;{}&#8221;][et_pb_column type=&#8221;2_5&#8243; _builder_version=&#8221;4.25.2&#8243; _module_preset=&#8221;default&#8221; global_colors_info=&#8221;{}&#8221;][et_pb_image src=&#8221;https:\/\/orekait.com\/wp-content\/uploads\/2025\/01\/ELOISE-logo-web.png&#8221; alt=&#8221;ELOISE-logo-web&#8221; title_text=&#8221;ELOISE-logo-web&#8221; align_tablet=&#8221;left&#8221; align_phone=&#8221;center&#8221; align_last_edited=&#8221;on|phone&#8221; _builder_version=&#8221;4.25.2&#8243; _module_preset=&#8221;default&#8221; width=&#8221;70%&#8221; global_colors_info=&#8221;{}&#8221;][\/et_pb_image][\/et_pb_column][et_pb_column type=&#8221;3_5&#8243; _builder_version=&#8221;4.25.2&#8243; _module_preset=&#8221;default&#8221; global_colors_info=&#8221;{}&#8221;][et_pb_text _builder_version=&#8221;4.25.2&#8243; _module_preset=&#8221;default&#8221; width=&#8221;85%&#8221; custom_margin=&#8221;7px|||||&#8221; global_colors_info=&#8221;{}&#8221;]<\/p>\n<p>Dirigido a empresas y organizaciones que quieren sacar provecho a las leyes de facturaci\u00f3n electr\u00f3nica de diferentes pa\u00edses, como la Ley Crea y Crece en Espa\u00f1a. A equipos de trabajo encargados de contabilizar facturas recibidas dentro de la organizaci\u00f3n. Ejecutivos encargados de aceptar o rechazar facturas recibidas.<\/p>\n<p>[\/et_pb_text][\/et_pb_column][\/et_pb_row][\/et_pb_section][et_pb_section fb_built=&#8221;1&#8243; _builder_version=&#8221;4.25.2&#8243; _module_preset=&#8221;default&#8221; custom_margin=&#8221;0px||10px||false|false&#8221; custom_padding=&#8221;0px||0px||false|false&#8221; global_colors_info=&#8221;{}&#8221;][et_pb_row use_custom_gutter=&#8221;on&#8221; _builder_version=&#8221;4.25.2&#8243; _module_preset=&#8221;default&#8221; width=&#8221;90%&#8221; global_colors_info=&#8221;{}&#8221;][et_pb_column type=&#8221;4_4&#8243; _builder_version=&#8221;4.25.2&#8243; _module_preset=&#8221;default&#8221; global_colors_info=&#8221;{}&#8221;][et_pb_text _builder_version=&#8221;4.25.2&#8243; _module_preset=&#8221;default&#8221; global_colors_info=&#8221;{}&#8221;]<\/p>\n<h2>Ventajas<\/h2>\n<p>[\/et_pb_text][\/et_pb_column][\/et_pb_row][et_pb_row column_structure=&#8221;1_2,1_2&#8243; use_custom_gutter=&#8221;on&#8221; _builder_version=&#8221;4.25.2&#8243; _module_preset=&#8221;default&#8221; width=&#8221;90%&#8221; custom_margin=&#8221;||0px||false|false&#8221; custom_padding=&#8221;||0px||false|false&#8221; scroll_fade_enable=&#8221;on&#8221; global_colors_info=&#8221;{}&#8221;][et_pb_column type=&#8221;1_2&#8243; _builder_version=&#8221;4.25.2&#8243; _module_preset=&#8221;default&#8221; global_colors_info=&#8221;{}&#8221;][et_pb_text _builder_version=&#8221;4.25.2&#8243; _module_preset=&#8221;default&#8221; global_colors_info=&#8221;{}&#8221; content__hover_enabled=&#8221;on|desktop&#8221; content__hover=&#8221;<\/p>\n<div class=%22ventajas%22><span class=%22ven-num%22>01<\/span><\/p>\n<p style=%22display:block;%22> Permite reducir significativamente el tiempo invertido en los procesos de contabilizaci\u00f3n de facturas recibidas.<\/p>\n<\/div>\n<p>&#8220;]<\/p>\n<div class=\"ventajas\"><span class=\"ven-num\">01<\/span><\/p>\n<p style=\"display:block;\"> Permite reducir significativamente el tiempo invertido en los procesos de contabilizaci\u00f3n de facturas recibidas.<\/p>\n<\/div>\n<p>[\/et_pb_text][et_pb_divider color=&#8221;#D7D2D9&#8243; _builder_version=&#8221;4.25.2&#8243; _module_preset=&#8221;default&#8221; global_colors_info=&#8221;{}&#8221;][\/et_pb_divider][\/et_pb_column][et_pb_column type=&#8221;1_2&#8243; _builder_version=&#8221;4.25.2&#8243; _module_preset=&#8221;default&#8221; global_colors_info=&#8221;{}&#8221;][et_pb_text _builder_version=&#8221;4.25.2&#8243; _module_preset=&#8221;default&#8221; global_colors_info=&#8221;{}&#8221;]<\/p>\n<div class=\"ventajas\"><span class=\"ven-num\">02<\/span><\/p>\n<p style=\"display:block;\">Evita errores manuales en los procesos de contabilidad.<\/p>\n<\/div>\n<p>[\/et_pb_text][et_pb_divider color=&#8221;#D7D2D9&#8243; _builder_version=&#8221;4.25.2&#8243; _module_preset=&#8221;default&#8221; global_colors_info=&#8221;{}&#8221;][\/et_pb_divider][\/et_pb_column][\/et_pb_row][\/et_pb_section][et_pb_section fb_built=&#8221;1&#8243; module_id=&#8221;curriculuma&#8221; _builder_version=&#8221;4.25.2&#8243; _module_preset=&#8221;default&#8221; custom_padding=&#8221;||40px|||&#8221; global_colors_info=&#8221;{}&#8221;][et_pb_row column_structure=&#8221;1_3,1_3,1_3&#8243; use_custom_gutter=&#8221;on&#8221; _builder_version=&#8221;4.25.2&#8243; _module_preset=&#8221;default&#8221; background_color=&#8221;#060657&#8243; background_image=&#8221;https:\/\/orekait.com\/wp-content\/uploads\/2024\/11\/fondo-soluciones-que-cubren-los-productoos.png&#8221; width=&#8221;100%&#8221; custom_padding=&#8221;5%|5%|5%|5%|true|true&#8221; border_width_all=&#8221;1px&#8221; border_color_all=&#8221;#f6f6f6&#8243; global_colors_info=&#8221;{}&#8221;][et_pb_column type=&#8221;1_3&#8243; module_class=&#8221;width-7&#8243; _builder_version=&#8221;4.25.2&#8243; _module_preset=&#8221;default&#8221; global_colors_info=&#8221;{}&#8221;][et_pb_image src=&#8221;https:\/\/orekait.com\/wp-content\/uploads\/2024\/10\/btn-rojo-flecha.png&#8221; alt=&#8221;btn-rojo-flecha&#8221; title_text=&#8221;btn-rojo-flecha&#8221; _builder_version=&#8221;4.25.2&#8243; _module_preset=&#8221;default&#8221; scroll_rotating=&#8221;0|50|50|100|0\u00b0|0|-90\u00b0&#8221; custom_css_main_element=&#8221;transform: rotate(-90deg);||float: left;&#8221; global_colors_info=&#8221;{}&#8221;][\/et_pb_image][\/et_pb_column][et_pb_column type=&#8221;1_3&#8243; module_class=&#8221;width-45&#8243; _builder_version=&#8221;4.25.2&#8243; _module_preset=&#8221;default&#8221; custom_padding=&#8221;|5%|||false|false&#8221; global_colors_info=&#8221;{}&#8221;][et_pb_heading title=&#8221;Caracter\u00edsticas&#8221; _builder_version=&#8221;4.25.2&#8243; _module_preset=&#8221;default&#8221; title_level=&#8221;h2&#8243; title_text_align=&#8221;left&#8221; title_text_color=&#8221;#ffffff&#8221; title_font_size=&#8221;35px&#8221; global_colors_info=&#8221;{}&#8221;][\/et_pb_heading][et_pb_text _builder_version=&#8221;4.25.2&#8243; _module_preset=&#8221;default&#8221; text_text_color=&#8221;#ffffff&#8221; header_text_align=&#8221;left&#8221; header_text_color=&#8221;#ffffff&#8221; global_colors_info=&#8221;{}&#8221;]<\/p>\n<ul>\n<li class=\"white\">Multiformato para la contabilizaci\u00f3n de facturas: PDF, XML.<\/li>\n<p><\/br><\/p>\n<li class=\"white\">Tecnolog\u00eda de vanguardia 100% SAP mediante el Portal Eloise SAP BTP Cockpit.<\/li>\n<p><\/br><\/p>\n<li class=\"white\">Servicios de recepci\u00f3n de facturas v\u00eda XML, PDF, y flujos de aprobaci\u00f3n mediante firma.<\/li>\n<p><\/br><\/p>\n<li class=\"white\">Extracci\u00f3n de los datos de la factura en formato PDF utilizando tecnolog\u00eda OCR (reconocimiento \u00f3ptico de caracteres).<\/li>\n<p><\/br><\/p>\n<li class=\"white\">Integraci\u00f3n en tiempo real con sistemas SAP, u otros sistemas.<\/li>\n<p><\/br><\/p>\n<li class=\"white\">Contabilizaci\u00f3n totalmente autom\u00e1tica, asistida o ambas, t\u00fa eliges.<\/li>\n<\/ul>\n<p>[\/et_pb_text][\/et_pb_column][et_pb_column type=&#8221;1_3&#8243; module_class=&#8221;width-45&#8243; _builder_version=&#8221;4.25.2&#8243; _module_preset=&#8221;default&#8221; global_colors_info=&#8221;{}&#8221;][et_pb_divider show_divider=&#8221;off&#8221; _builder_version=&#8221;4.25.2&#8243; _module_preset=&#8221;default&#8221; custom_margin=&#8221;90px||||false|false&#8221; global_colors_info=&#8221;{}&#8221;][\/et_pb_divider][et_pb_text _builder_version=&#8221;4.25.2&#8243; _module_preset=&#8221;default&#8221; text_text_color=&#8221;#ffffff&#8221; header_text_align=&#8221;left&#8221; header_text_color=&#8221;#ffffff&#8221; global_colors_info=&#8221;{}&#8221;]<\/p>\n<ul>\n<li class=\"white\">Gesti\u00f3n de usuarios de la aplicaci\u00f3n a trav\u00e9s de un Proveedor de Identidades.<\/li>\n<p><\/br><\/p>\n<li class=\"white\">Workflow de autorizaci\u00f3n; firma a un solo nivel, a diferentes niveles, solidaria, mancomunada.<\/li>\n<p><\/br><\/p>\n<li class=\"white\">Acceso v\u00eda aplicaci\u00f3n web, adaptable para su utilizaci\u00f3n en cualquier dispositivo. Permite la firma de facturas en cualquier lugar, en cualquier momento.<\/li>\n<p><\/br><\/p>\n<li class=\"white\">Control de status de cada factura contabilizada.<\/li>\n<p><\/br><\/p>\n<li class=\"white\">Soluci\u00f3n Software as a Service (SAAS).<\/li>\n<\/ul>\n<p>[\/et_pb_text][\/et_pb_column][\/et_pb_row][\/et_pb_section][et_pb_section fb_built=&#8221;1&#8243; disabled_on=&#8221;on|on|on&#8221; module_id=&#8221;faqs&#8221; _builder_version=&#8221;4.25.2&#8243; _module_preset=&#8221;default&#8221; disabled=&#8221;on&#8221; global_colors_info=&#8221;{}&#8221;][et_pb_row _builder_version=&#8221;4.25.2&#8243; _module_preset=&#8221;default&#8221; width=&#8221;60%&#8221; width_tablet=&#8221;80%&#8221; width_phone=&#8221;80%&#8221; width_last_edited=&#8221;on|desktop&#8221; global_colors_info=&#8221;{}&#8221;][et_pb_column type=&#8221;4_4&#8243; _builder_version=&#8221;4.25.2&#8243; _module_preset=&#8221;default&#8221; global_colors_info=&#8221;{}&#8221;][et_pb_text _builder_version=&#8221;4.25.2&#8243; _module_preset=&#8221;default&#8221; text_orientation=&#8221;center&#8221; global_colors_info=&#8221;{}&#8221;]<\/p>\n<h2 class=\"size-36\">FAQ\u00b4S<\/h2>\n<p>[\/et_pb_text][et_pb_accordion _builder_version=&#8221;4.25.2&#8243; _module_preset=&#8221;default&#8221; scroll_fade_enable=&#8221;on&#8221; global_colors_info=&#8221;{}&#8221;][et_pb_accordion_item title=&#8221;Nunc dapibus pellentesque massa id euismod litora. Semper himenaeos ligula?&#8221; open=&#8221;on&#8221; _builder_version=&#8221;4.25.2&#8243; _module_preset=&#8221;default&#8221; global_colors_info=&#8221;{}&#8221;]Lorem ipsum dolor sit amet, consetetur sadipscing elitr, sed diam nonumy eirmod tempor invidunt ut labore et dolore magna aliquyam erat, sed diam voluptua. At vero eos et accusam et justo duo dolores et ea rebum. Stet clita kasd gubergren, no sea takimata sanctus est Lorem ipsum dolor sit amet.[\/et_pb_accordion_item][et_pb_accordion_item title=&#8221;Nunc dapibus pellentesque massa id euismod litora. Semper himenaeos ligula?&#8221; _builder_version=&#8221;4.25.2&#8243; _module_preset=&#8221;default&#8221; global_colors_info=&#8221;{}&#8221; open=&#8221;off&#8221;]Lorem ipsum dolor sit amet, consetetur sadipscing elitr, sed diam nonumy eirmod tempor invidunt ut labore et dolore magna aliquyam erat, sed diam voluptua. At vero eos et accusam et justo duo dolores et ea rebum. Stet clita kasd gubergren, no sea takimata sanctus est Lorem ipsum dolor sit amet.[\/et_pb_accordion_item][et_pb_accordion_item title=&#8221;Nunc dapibus pellentesque massa id euismod litora. Semper himenaeos ligula?&#8221; _builder_version=&#8221;4.25.2&#8243; _module_preset=&#8221;default&#8221; global_colors_info=&#8221;{}&#8221; open=&#8221;off&#8221;]Lorem ipsum dolor sit amet, consetetur sadipscing elitr, sed diam nonumy eirmod tempor invidunt ut labore et dolore magna aliquyam erat, sed diam voluptua. At vero eos et accusam et justo duo dolores et ea rebum. Stet clita kasd gubergren, no sea takimata sanctus est Lorem ipsum dolor sit amet.[\/et_pb_accordion_item][\/et_pb_accordion][\/et_pb_column][\/et_pb_row][\/et_pb_section][et_pb_section fb_built=&#8221;1&#8243; _builder_version=&#8221;4.25.2&#8243; _module_preset=&#8221;default&#8221; custom_padding=&#8221;40px||||false|false&#8221; global_colors_info=&#8221;{}&#8221;][et_pb_row column_structure=&#8221;2_5,3_5&#8243; use_custom_gutter=&#8221;on&#8221; _builder_version=&#8221;4.25.2&#8243; _module_preset=&#8221;default&#8221; background_color=&#8221;#f6f6f6&#8243; background_image=&#8221;https:\/\/orekait.com\/wp-content\/uploads\/2024\/10\/fondo-banner-equioo-sin-fondo.png&#8221; width=&#8221;90%&#8221; custom_padding=&#8221;6%|6%|6%|6%|true|true&#8221; background_last_edited=&#8221;on|phone&#8221; background_enable_image_tablet=&#8221;off&#8221; border_radii=&#8221;on|15px|15px|15px|15px&#8221; border_width_all=&#8221;1px&#8221; border_color_all=&#8221;#f6f6f6&#8243; global_colors_info=&#8221;{}&#8221;][et_pb_column type=&#8221;2_5&#8243; _builder_version=&#8221;4.25.2&#8243; _module_preset=&#8221;default&#8221; global_colors_info=&#8221;{}&#8221;][et_pb_text _builder_version=&#8221;4.25.2&#8243; _module_preset=&#8221;default&#8221; global_colors_info=&#8221;{}&#8221;]<\/p>\n<h2 class=\"size-36\">Solicita tu demo<\/h2>\n<p>\u00a1Descubre c\u00f3mo nuestras soluciones pueden transformar tu negocio! Agenda una demostraci\u00f3n y nuestros expertos te guiar\u00e1n para conocer en detalle el producto que m\u00e1s te interese.<\/p>\n<p>[\/et_pb_text][et_pb_button button_url=&#8221;https:\/\/orekait.com\/es\/pide-informacion-solicita-demo\/&#8221; button_text=&#8221;Solicita tu demo&#8221; module_class=&#8221;btn-flecha white&#8221; _builder_version=&#8221;4.25.2&#8243; _module_preset=&#8221;default&#8221; custom_button=&#8221;on&#8221; button_text_size=&#8221;16px&#8221; button_text_color=&#8221;#333333&#8243; button_bg_color=&#8221;#CD0B79&#8243; button_border_color=&#8221;#CD0B79&#8243; button_border_radius=&#8221;50px&#8221; button_icon=&#8221;&#x24;||divi||400&#8243; button_icon_color=&#8221;#ffffff&#8221; button_on_hover=&#8221;off&#8221; scroll_scaling_enable=&#8221;on&#8221; locked=&#8221;off&#8221; global_colors_info=&#8221;{}&#8221;][\/et_pb_button][\/et_pb_column][et_pb_column type=&#8221;3_5&#8243; _builder_version=&#8221;4.25.2&#8243; _module_preset=&#8221;default&#8221; global_colors_info=&#8221;{}&#8221;][\/et_pb_column][\/et_pb_row][\/et_pb_section]<\/p>\n","protected":false},"excerpt":{"rendered":"<p>ELOISEElectronic Oreka Invoice SAP ExtensionEloise es el asistente para la contabilizaci\u00f3n de facturas recibidas dise\u00f1ado por Oreka IT. Su misi\u00f3n principal es asistir al departamento de cuentas a pagar, en la contabilizaci\u00f3n de facturas recibidas provenientes de los proveedores, en formatos diferentes como PDF o XML. Mediante asistencia y propuestas de contabilizaci\u00f3n de facturas FI [&hellip;]<\/p>\n","protected":false},"author":2,"featured_media":0,"parent":21330,"menu_order":0,"comment_status":"closed","ping_status":"closed","template":"","meta":{"_et_pb_use_builder":"on","_et_pb_old_content":"","_et_gb_content_width":"","footnotes":""},"class_list":["post-22759","page","type-page","status-publish","hentry"],"_links":{"self":[{"href":"https:\/\/orekait.com\/es\/wp-json\/wp\/v2\/pages\/22759","targetHints":{"allow":["GET"]}}],"collection":[{"href":"https:\/\/orekait.com\/es\/wp-json\/wp\/v2\/pages"}],"about":[{"href":"https:\/\/orekait.com\/es\/wp-json\/wp\/v2\/types\/page"}],"author":[{"embeddable":true,"href":"https:\/\/orekait.com\/es\/wp-json\/wp\/v2\/users\/2"}],"replies":[{"embeddable":true,"href":"https:\/\/orekait.com\/es\/wp-json\/wp\/v2\/comments?post=22759"}],"version-history":[{"count":30,"href":"https:\/\/orekait.com\/es\/wp-json\/wp\/v2\/pages\/22759\/revisions"}],"predecessor-version":[{"id":32301,"href":"https:\/\/orekait.com\/es\/wp-json\/wp\/v2\/pages\/22759\/revisions\/32301"}],"up":[{"embeddable":true,"href":"https:\/\/orekait.com\/es\/wp-json\/wp\/v2\/pages\/21330"}],"wp:attachment":[{"href":"https:\/\/orekait.com\/es\/wp-json\/wp\/v2\/media?parent=22759"}],"curies":[{"name":"wp","href":"https:\/\/api.w.org\/{rel}","templated":true}]}}