{"id":19832,"date":"2024-12-05T09:50:11","date_gmt":"2024-12-05T08:50:11","guid":{"rendered":"http:\/\/192.168.20.3\/?page_id=19832"},"modified":"2025-03-09T11:56:01","modified_gmt":"2025-03-09T10:56:01","slug":"integracion-ecommerce","status":"publish","type":"page","link":"https:\/\/orekait.com\/es\/pyme-sap-business-one\/integracion-ecommerce\/","title":{"rendered":"Integraci\u00f3n Ecommerce"},"content":{"rendered":"<p>[et_pb_section fb_built=&#8221;1&#8243; _builder_version=&#8221;4.25.2&#8243; _module_preset=&#8221;default&#8221; custom_margin=&#8221;||0px||false|false&#8221; custom_padding=&#8221;||0px||false|false&#8221; global_colors_info=&#8221;{}&#8221;][et_pb_row column_structure=&#8221;2_5,3_5&#8243; use_custom_gutter=&#8221;on&#8221; _builder_version=&#8221;4.25.2&#8243; _module_preset=&#8221;default&#8221; width=&#8221;90%&#8221; global_colors_info=&#8221;{}&#8221;][et_pb_column type=&#8221;2_5&#8243; _builder_version=&#8221;4.25.2&#8243; _module_preset=&#8221;default&#8221; global_colors_info=&#8221;{}&#8221;][et_pb_text admin_label=&#8221;Texto&#8221; _builder_version=&#8221;4.25.2&#8243; _module_preset=&#8221;default&#8221; custom_margin=&#8221;||10px||false|false&#8221; custom_padding=&#8221;||0px||false|false&#8221; global_colors_info=&#8221;{}&#8221;]<\/p>\n<h1 class=\"sub-pp\">Integraci\u00f3n eCommerce<\/h1>\n<p>[\/et_pb_text][et_pb_text _builder_version=&#8221;4.25.2&#8243; _module_preset=&#8221;default&#8221; header_font_size=&#8221;45px&#8221; header_line_height=&#8221;55px&#8221; custom_margin=&#8221;||10px||false|false&#8221; custom_padding=&#8221;||0px||false|false&#8221; global_colors_info=&#8221;{}&#8221;]<\/p>\n<h2 class=\"size-36\">Conecta tu sistema SAP Business One con las principales plataformas eCommerce<\/h2>\n<p>[\/et_pb_text][et_pb_divider show_divider=&#8221;off&#8221; _builder_version=&#8221;4.25.2&#8243; _module_preset=&#8221;default&#8221; custom_margin=&#8221;20px||||false|false&#8221; global_colors_info=&#8221;{}&#8221;][\/et_pb_divider][et_pb_button button_url=&#8221;https:\/\/orekait.com\/es\/pide-informacion-solicita-demo\/&#8221; button_text=&#8221;Quiero saber m\u00e1s&#8221; module_class=&#8221;btn-flecha&#8221; _builder_version=&#8221;4.25.2&#8243; _module_preset=&#8221;default&#8221; custom_button=&#8221;on&#8221; button_text_size=&#8221;16px&#8221; button_text_color=&#8221;#333333&#8243; button_bg_color=&#8221;RGBA(255,255,255,0)&#8221; button_border_color=&#8221;#CD0B79&#8243; button_border_radius=&#8221;50px&#8221; button_icon=&#8221;&#x24;||divi||400&#8243; button_icon_color=&#8221;#CD0B79&#8243; button_on_hover=&#8221;off&#8221; animation_style=&#8221;slide&#8221; animation_direction=&#8221;left&#8221; hover_enabled=&#8221;0&#8243; global_colors_info=&#8221;{}&#8221; sticky_enabled=&#8221;0&#8243;][\/et_pb_button][\/et_pb_column][et_pb_column type=&#8221;3_5&#8243; _builder_version=&#8221;4.25.2&#8243; _module_preset=&#8221;default&#8221; global_colors_info=&#8221;{}&#8221;][et_pb_divider show_divider=&#8221;off&#8221; _builder_version=&#8221;4.25.2&#8243; _module_preset=&#8221;default&#8221; custom_margin=&#8221;30px||||false|false&#8221; global_colors_info=&#8221;{}&#8221;][\/et_pb_divider][et_pb_text _builder_version=&#8221;4.25.2&#8243; _module_preset=&#8221;default&#8221; width=&#8221;85%&#8221; width_tablet=&#8221;100%&#8221; width_phone=&#8221;100%&#8221; width_last_edited=&#8221;on|phone&#8221; global_colors_info=&#8221;{}&#8221;]<\/p>\n<p>En Oreka IT hemos creado un servicio de integraci\u00f3n completo que permite conectar de manera eficiente y fluida las principales plataformas de tiendas <strong>eCommerce<\/strong> del mercado, como <strong>Shopify, Prestashop y WooCommerce<\/strong>.<\/p>\n<p>Nuestro servicio est\u00e1 dise\u00f1ado para facilitar la <strong>sincronizaci\u00f3n de datos entre estas plataformas y otros sistemas empresariales<\/strong>, permitiendo una gesti\u00f3n m\u00e1s \u00e1gil de productos, inventarios, pedidos y clientes. De esta forma, ayudamos a las empresas a optimizar sus operaciones en l\u00ednea, mejorar la experiencia del usuario y garantizar que toda la informaci\u00f3n est\u00e9 actualizada y disponible en tiempo real.<\/p>\n<p>[\/et_pb_text][\/et_pb_column][\/et_pb_row][\/et_pb_section][et_pb_section fb_built=&#8221;1&#8243; _builder_version=&#8221;4.25.2&#8243; _module_preset=&#8221;default&#8221; custom_margin=&#8221;0px||10px||false|false&#8221; custom_padding=&#8221;0px||0px||false|false&#8221; global_colors_info=&#8221;{}&#8221;][et_pb_row use_custom_gutter=&#8221;on&#8221; _builder_version=&#8221;4.25.2&#8243; _module_preset=&#8221;default&#8221; width=&#8221;90%&#8221; global_colors_info=&#8221;{}&#8221;][et_pb_column type=&#8221;4_4&#8243; _builder_version=&#8221;4.25.2&#8243; _module_preset=&#8221;default&#8221; global_colors_info=&#8221;{}&#8221;][et_pb_text _builder_version=&#8221;4.25.2&#8243; _module_preset=&#8221;default&#8221; global_colors_info=&#8221;{}&#8221;]<\/p>\n<h2>Ventajas<\/h2>\n<p>[\/et_pb_text][\/et_pb_column][\/et_pb_row][et_pb_row column_structure=&#8221;1_2,1_2&#8243; use_custom_gutter=&#8221;on&#8221; _builder_version=&#8221;4.25.2&#8243; _module_preset=&#8221;default&#8221; width=&#8221;90%&#8221; custom_margin=&#8221;||0px||false|false&#8221; custom_padding=&#8221;||0px||false|false&#8221; scroll_fade_enable=&#8221;on&#8221; global_colors_info=&#8221;{}&#8221;][et_pb_column type=&#8221;1_2&#8243; _builder_version=&#8221;4.25.2&#8243; _module_preset=&#8221;default&#8221; global_colors_info=&#8221;{}&#8221;][et_pb_text _builder_version=&#8221;4.25.2&#8243; _module_preset=&#8221;default&#8221; global_colors_info=&#8221;{}&#8221;]<\/p>\n<div class=\"ventajas\">\n<p><span class=\"ven-num\">01<\/span><\/p>\n<p>Gestiona r\u00e1pidamente el pedido procesado en SAP para que almac\u00e9n lo prepare y lo env\u00ede r\u00e1pidamente al cliente.<\/p>\n<\/div>\n<p>[\/et_pb_text][et_pb_divider color=&#8221;#D7D2D9&#8243; _builder_version=&#8221;4.25.2&#8243; _module_preset=&#8221;default&#8221; global_colors_info=&#8221;{}&#8221;][\/et_pb_divider][\/et_pb_column][et_pb_column type=&#8221;1_2&#8243; _builder_version=&#8221;4.25.2&#8243; _module_preset=&#8221;default&#8221; global_colors_info=&#8221;{}&#8221;][et_pb_text _builder_version=&#8221;4.25.2&#8243; _module_preset=&#8221;default&#8221; global_colors_info=&#8221;{}&#8221;]<\/p>\n<div class=\"ventajas\">\n<p><span class=\"ven-num\">02<\/span><\/p>\n<p>Ofrece al usuario datos reales de stock asegurando la calidad y el servicio de su compra en tu portal.<\/p>\n<\/div>\n<p>[\/et_pb_text][et_pb_divider color=&#8221;#D7D2D9&#8243; _builder_version=&#8221;4.25.2&#8243; _module_preset=&#8221;default&#8221; global_colors_info=&#8221;{}&#8221;][\/et_pb_divider][\/et_pb_column][\/et_pb_row][et_pb_row column_structure=&#8221;1_2,1_2&#8243; use_custom_gutter=&#8221;on&#8221; _builder_version=&#8221;4.25.2&#8243; _module_preset=&#8221;default&#8221; width=&#8221;90%&#8221; custom_margin=&#8221;0px||||false|false&#8221; scroll_fade_enable=&#8221;on&#8221; global_colors_info=&#8221;{}&#8221;][et_pb_column type=&#8221;1_2&#8243; _builder_version=&#8221;4.25.2&#8243; _module_preset=&#8221;default&#8221; global_colors_info=&#8221;{}&#8221;][et_pb_text _builder_version=&#8221;4.25.2&#8243; _module_preset=&#8221;default&#8221; global_colors_info=&#8221;{}&#8221;]<\/p>\n<div class=\"ventajas\">\n<p><span class=\"ven-num\">03<\/span><\/p>\n<p>Automatiza las tareas manuales de mantener un eCommerce manualmente sincronizando los datos de tu SAP con la plataforma eCommerce.<\/p>\n<\/div>\n<p>[\/et_pb_text][et_pb_divider color=&#8221;#D7D2D9&#8243; _builder_version=&#8221;4.25.2&#8243; _module_preset=&#8221;default&#8221; global_colors_info=&#8221;{}&#8221;][\/et_pb_divider][\/et_pb_column][et_pb_column type=&#8221;1_2&#8243; _builder_version=&#8221;4.25.2&#8243; _module_preset=&#8221;default&#8221; global_colors_info=&#8221;{}&#8221;][\/et_pb_column][\/et_pb_row][\/et_pb_section][et_pb_section fb_built=&#8221;1&#8243; module_id=&#8221;curriculuma&#8221; _builder_version=&#8221;4.25.2&#8243; _module_preset=&#8221;default&#8221; custom_padding=&#8221;40px||40px||false|false&#8221; global_colors_info=&#8221;{}&#8221;][et_pb_row column_structure=&#8221;1_3,1_3,1_3&#8243; use_custom_gutter=&#8221;on&#8221; _builder_version=&#8221;4.25.2&#8243; _module_preset=&#8221;default&#8221; background_color=&#8221;#060657&#8243; background_image=&#8221;https:\/\/orekait.com\/wp-content\/uploads\/2024\/11\/fondo-soluciones-que-cubren-los-productoos.png&#8221; width=&#8221;100%&#8221; custom_padding=&#8221;5%|5%|5%|5%|true|true&#8221; border_width_all=&#8221;1px&#8221; border_color_all=&#8221;#f6f6f6&#8243; global_colors_info=&#8221;{}&#8221;][et_pb_column type=&#8221;1_3&#8243; module_class=&#8221;width-7&#8243; _builder_version=&#8221;4.25.2&#8243; _module_preset=&#8221;default&#8221; global_colors_info=&#8221;{}&#8221;][et_pb_image src=&#8221;https:\/\/orekait.com\/wp-content\/uploads\/2024\/10\/btn-rojo-flecha.png&#8221; alt=&#8221;btn-rojo-flecha&#8221; title_text=&#8221;btn-rojo-flecha&#8221; _builder_version=&#8221;4.25.2&#8243; _module_preset=&#8221;default&#8221; scroll_rotating=&#8221;0|50|50|100|0\u00b0|0|-90\u00b0&#8221; custom_css_main_element=&#8221;transform: rotate(-90deg);||float: left;&#8221; global_colors_info=&#8221;{}&#8221;][\/et_pb_image][\/et_pb_column][et_pb_column type=&#8221;1_3&#8243; module_class=&#8221;width-45&#8243; _builder_version=&#8221;4.25.2&#8243; _module_preset=&#8221;default&#8221; custom_padding=&#8221;|5%|||false|false&#8221; global_colors_info=&#8221;{}&#8221;][et_pb_heading title=&#8221;\u00bfQu\u00e9 beneficios aporta?&#8221; _builder_version=&#8221;4.25.2&#8243; _module_preset=&#8221;default&#8221; title_level=&#8221;h2&#8243; title_text_align=&#8221;left&#8221; title_text_color=&#8221;#ffffff&#8221; title_font_size=&#8221;35px&#8221; global_colors_info=&#8221;{}&#8221;][\/et_pb_heading][et_pb_text _builder_version=&#8221;4.25.2&#8243; _module_preset=&#8221;default&#8221; text_text_color=&#8221;#ffffff&#8221; header_text_align=&#8221;left&#8221; header_text_color=&#8221;#ffffff&#8221; global_colors_info=&#8221;{}&#8221;]<\/p>\n<ul>\n<li class=\"white\">Sincronizaci\u00f3n del cat\u00e1logo completo de productos de SAP Business One con las plataformas, sincronizando los datos de productos, precios y stocks.<\/li>\n<p><\/p>\n<li class=\"white\">Incorporaci\u00f3n al momento de los pedidos generados en la plataforma eCommerce en SAP Business One, pudiendo crear el cobro en el sistema seg\u00fan el m\u00e9todo de pago y generando la lista de picking para proceder al env\u00edo de la mercanc\u00eda al cliente.<\/li>\n<p><\/p>\n<li class=\"white\">El servicio de integraci\u00f3n con eCommerce nos permite adem\u00e1s poder programar diferentes servicios de comunicaci\u00f3n entre SAP y la plataforma eCommerce, a fin de poder programar actualizaciones masivas entre ambos sistemas.<\/li>\n<p>\n<\/ul>\n<p>[\/et_pb_text][\/et_pb_column][et_pb_column type=&#8221;1_3&#8243; module_class=&#8221;width-45&#8243; _builder_version=&#8221;4.25.2&#8243; _module_preset=&#8221;default&#8221; global_colors_info=&#8221;{}&#8221;][\/et_pb_column][\/et_pb_row][\/et_pb_section][et_pb_section fb_built=&#8221;1&#8243; disabled_on=&#8221;on|on|on&#8221; module_id=&#8221;faqs&#8221; _builder_version=&#8221;4.25.2&#8243; _module_preset=&#8221;default&#8221; disabled=&#8221;on&#8221; global_colors_info=&#8221;{}&#8221;][et_pb_row _builder_version=&#8221;4.25.2&#8243; _module_preset=&#8221;default&#8221; width=&#8221;60%&#8221; width_tablet=&#8221;80%&#8221; width_phone=&#8221;80%&#8221; width_last_edited=&#8221;on|desktop&#8221; global_colors_info=&#8221;{}&#8221;][et_pb_column type=&#8221;4_4&#8243; _builder_version=&#8221;4.25.2&#8243; _module_preset=&#8221;default&#8221; global_colors_info=&#8221;{}&#8221;][et_pb_text _builder_version=&#8221;4.25.2&#8243; _module_preset=&#8221;default&#8221; text_orientation=&#8221;center&#8221; global_colors_info=&#8221;{}&#8221;]<\/p>\n<h2 class=\"size-36\">FAQ\u00b4S<\/h2>\n<p>[\/et_pb_text][et_pb_accordion _builder_version=&#8221;4.25.2&#8243; _module_preset=&#8221;default&#8221; scroll_fade_enable=&#8221;on&#8221; global_colors_info=&#8221;{}&#8221;][et_pb_accordion_item title=&#8221;Nunc dapibus pellentesque massa id euismod litora. Semper himenaeos ligula?&#8221; open=&#8221;on&#8221; _builder_version=&#8221;4.25.2&#8243; _module_preset=&#8221;default&#8221; global_colors_info=&#8221;{}&#8221;]Lorem ipsum dolor sit amet, consetetur sadipscing elitr, sed diam nonumy eirmod tempor invidunt ut labore et dolore magna aliquyam erat, sed diam voluptua. At vero eos et accusam et justo duo dolores et ea rebum. Stet clita kasd gubergren, no sea takimata sanctus est Lorem ipsum dolor sit amet.[\/et_pb_accordion_item][et_pb_accordion_item title=&#8221;Nunc dapibus pellentesque massa id euismod litora. Semper himenaeos ligula?&#8221; _builder_version=&#8221;4.25.2&#8243; _module_preset=&#8221;default&#8221; global_colors_info=&#8221;{}&#8221; open=&#8221;off&#8221;]Lorem ipsum dolor sit amet, consetetur sadipscing elitr, sed diam nonumy eirmod tempor invidunt ut labore et dolore magna aliquyam erat, sed diam voluptua. At vero eos et accusam et justo duo dolores et ea rebum. Stet clita kasd gubergren, no sea takimata sanctus est Lorem ipsum dolor sit amet.[\/et_pb_accordion_item][et_pb_accordion_item title=&#8221;Nunc dapibus pellentesque massa id euismod litora. Semper himenaeos ligula?&#8221; _builder_version=&#8221;4.25.2&#8243; _module_preset=&#8221;default&#8221; global_colors_info=&#8221;{}&#8221; open=&#8221;off&#8221;]Lorem ipsum dolor sit amet, consetetur sadipscing elitr, sed diam nonumy eirmod tempor invidunt ut labore et dolore magna aliquyam erat, sed diam voluptua. At vero eos et accusam et justo duo dolores et ea rebum. Stet clita kasd gubergren, no sea takimata sanctus est Lorem ipsum dolor sit amet.[\/et_pb_accordion_item][\/et_pb_accordion][\/et_pb_column][\/et_pb_row][\/et_pb_section][et_pb_section fb_built=&#8221;1&#8243; _builder_version=&#8221;4.25.2&#8243; _module_preset=&#8221;default&#8221; custom_padding=&#8221;40px|||||&#8221; global_colors_info=&#8221;{}&#8221;][et_pb_row column_structure=&#8221;2_5,3_5&#8243; use_custom_gutter=&#8221;on&#8221; _builder_version=&#8221;4.25.2&#8243; _module_preset=&#8221;default&#8221; background_color=&#8221;#f6f6f6&#8243; background_image=&#8221;https:\/\/orekait.com\/wp-content\/uploads\/2024\/10\/fondo-banner-equioo-sin-fondo.png&#8221; width=&#8221;90%&#8221; custom_padding=&#8221;6%|6%|6%|6%|true|true&#8221; background_last_edited=&#8221;on|phone&#8221; background_enable_image_tablet=&#8221;off&#8221; border_radii=&#8221;on|15px|15px|15px|15px&#8221; border_width_all=&#8221;1px&#8221; border_color_all=&#8221;#f6f6f6&#8243; global_colors_info=&#8221;{}&#8221;][et_pb_column type=&#8221;2_5&#8243; _builder_version=&#8221;4.25.2&#8243; _module_preset=&#8221;default&#8221; global_colors_info=&#8221;{}&#8221;][et_pb_text _builder_version=&#8221;4.25.2&#8243; _module_preset=&#8221;default&#8221; global_colors_info=&#8221;{}&#8221;]<\/p>\n<h2 class=\"size-36\">Solicita tu demo<\/h2>\n<p>\u00a1Descubre c\u00f3mo nuestras soluciones pueden transformar tu negocio! Agenda una demostraci\u00f3n y nuestros expertos te guiar\u00e1n para conocer en detalle el producto que m\u00e1s te interese.<\/p>\n<p>[\/et_pb_text][et_pb_button button_url=&#8221;https:\/\/orekait.com\/es\/pide-informacion-solicita-demo\/&#8221; button_text=&#8221;Solicita tu demo&#8221; module_class=&#8221;btn-flecha white&#8221; _builder_version=&#8221;4.25.2&#8243; _module_preset=&#8221;default&#8221; custom_button=&#8221;on&#8221; button_text_size=&#8221;16px&#8221; button_text_color=&#8221;#333333&#8243; button_bg_color=&#8221;#CD0B79&#8243; button_border_color=&#8221;#CD0B79&#8243; button_border_radius=&#8221;50px&#8221; button_icon=&#8221;&#x24;||divi||400&#8243; button_icon_color=&#8221;#ffffff&#8221; button_on_hover=&#8221;off&#8221; scroll_scaling_enable=&#8221;on&#8221; hover_enabled=&#8221;0&#8243; global_colors_info=&#8221;{}&#8221; sticky_enabled=&#8221;0&#8243;][\/et_pb_button][\/et_pb_column][et_pb_column type=&#8221;3_5&#8243; _builder_version=&#8221;4.25.2&#8243; _module_preset=&#8221;default&#8221; global_colors_info=&#8221;{}&#8221;][\/et_pb_column][\/et_pb_row][\/et_pb_section]<\/p>\n","protected":false},"excerpt":{"rendered":"<p>Integraci\u00f3n eCommerceConecta tu sistema SAP Business One con las principales plataformas eCommerceEn Oreka IT hemos creado un servicio de integraci\u00f3n completo que permite conectar de manera eficiente y fluida las principales plataformas de tiendas eCommerce del mercado, como Shopify, Prestashop y WooCommerce. Nuestro servicio est\u00e1 dise\u00f1ado para facilitar la sincronizaci\u00f3n de datos entre estas plataformas [&hellip;]<\/p>\n","protected":false},"author":2,"featured_media":0,"parent":21327,"menu_order":0,"comment_status":"closed","ping_status":"closed","template":"","meta":{"_et_pb_use_builder":"on","_et_pb_old_content":"","_et_gb_content_width":"","footnotes":""},"class_list":["post-19832","page","type-page","status-publish","hentry"],"_links":{"self":[{"href":"https:\/\/orekait.com\/es\/wp-json\/wp\/v2\/pages\/19832","targetHints":{"allow":["GET"]}}],"collection":[{"href":"https:\/\/orekait.com\/es\/wp-json\/wp\/v2\/pages"}],"about":[{"href":"https:\/\/orekait.com\/es\/wp-json\/wp\/v2\/types\/page"}],"author":[{"embeddable":true,"href":"https:\/\/orekait.com\/es\/wp-json\/wp\/v2\/users\/2"}],"replies":[{"embeddable":true,"href":"https:\/\/orekait.com\/es\/wp-json\/wp\/v2\/comments?post=19832"}],"version-history":[{"count":20,"href":"https:\/\/orekait.com\/es\/wp-json\/wp\/v2\/pages\/19832\/revisions"}],"predecessor-version":[{"id":30194,"href":"https:\/\/orekait.com\/es\/wp-json\/wp\/v2\/pages\/19832\/revisions\/30194"}],"up":[{"embeddable":true,"href":"https:\/\/orekait.com\/es\/wp-json\/wp\/v2\/pages\/21327"}],"wp:attachment":[{"href":"https:\/\/orekait.com\/es\/wp-json\/wp\/v2\/media?parent=19832"}],"curies":[{"name":"wp","href":"https:\/\/api.w.org\/{rel}","templated":true}]}}