{"id":19310,"date":"2024-12-04T12:45:52","date_gmt":"2024-12-04T11:45:52","guid":{"rendered":"http:\/\/192.168.20.3\/?page_id=19310"},"modified":"2026-03-31T12:15:19","modified_gmt":"2026-03-31T10:15:19","slug":"politica-de-cookies","status":"publish","type":"page","link":"https:\/\/orekait.com\/es\/politica-de-cookies\/","title":{"rendered":"Pol\u00edtica de cookies"},"content":{"rendered":"<p>[et_pb_section fb_built=&#8221;1&#8243; _builder_version=&#8221;4.25.2&#8243; _module_preset=&#8221;default&#8221; global_colors_info=&#8221;{}&#8221;][et_pb_row _builder_version=&#8221;4.25.2&#8243; _module_preset=&#8221;default&#8221; global_colors_info=&#8221;{}&#8221;][et_pb_column type=&#8221;4_4&#8243; _builder_version=&#8221;4.25.2&#8243; _module_preset=&#8221;default&#8221; global_colors_info=&#8221;{}&#8221;][et_pb_text _builder_version=&#8221;4.25.2&#8243; _module_preset=&#8221;default&#8221; global_colors_info=&#8221;{}&#8221;]<\/p>\n<h1 class=\"entry-title main_title\">Pol\u00edtica de cookies<\/h1>\n<h2><strong>Sobre esta pol\u00edtica de cookies<\/strong><\/h2>\n<p>Esta Pol\u00edtica de cookies explica\u00a0<strong>qu\u00e9 son las cookies y c\u00f3mo las usamos<\/strong>. Debe leer esta pol\u00edtica para comprender qu\u00e9 son las cookies, c\u00f3mo las utilizamos, los tipos de cookies que utilizamos, es decir, la informaci\u00f3n que recopilamos utilizando cookies y c\u00f3mo se utiliza esa informaci\u00f3n y c\u00f3mo controlar las preferencias de las cookies.<\/p>\n<p>Para obtener m\u00e1s informaci\u00f3n sobre c\u00f3mo usamos, almacenamos y mantenemos seguros sus datos personales, consulte nuestra\u00a0<a href=\"https:\/\/orekait.com\/es\/politica-de-privacidad\/\" target=\"_blank\" rel=\"noopener\">Pol\u00edtica de privacidad.<\/a> En cualquier momento puede cambiar o retirar su consentimiento de la Declaraci\u00f3n de cookies en nuestro sitio web.<\/p>\n<p>Para saber m\u00e1s, puedes contactar con nosotros o consultar el apartado pol\u00edtica de privacidad. Tu consentimiento se aplica al siguiente dominio:\u00a0<strong>orekait.com<\/strong><\/p>\n<div class=\"cli_user_consent_state\">Tu estado actual: Consentimiento aceptado. Gestiona tu consentimiento.<\/div>\n<h2><strong>Definiciones<\/strong><\/h2>\n<p><em><u>Cookies<\/u><\/em>: son ficheros de texto de peque\u00f1o tama\u00f1o que se almacenan en el disco duro o en la memoria del ordenador que accede o visita las p\u00e1ginas de determinados sitios web, de forma que se puedan conocer las preferencias del usuario al volver a conectarse. Las cookies almacenadas en el disco duro del usuario no pueden leer los datos contenidos en \u00e9l, acceder a informaci\u00f3n personal ni leer las cookies creadas por otros proveedores.<\/p>\n<p><em><u>Dato<\/u><\/em>: es la informaci\u00f3n que se obtiene por medio del equipo terminal del usuario a trav\u00e9s del dispositivo de almacenamiento y recuperaci\u00f3n de datos (cookies u otros).<\/p>\n<p><em><u>Equipo terminal<\/u><\/em>: es el dispositivo desde el cual el usuario accede al servicio, como un ordenador personal, un tel\u00e9fono m\u00f3vil, una Tablet, etc., y a partir del cual se obtiene la informaci\u00f3n.<\/p>\n<p><em><u>Editor<\/u><\/em>: cualquier entidad prestadora de servicios de la sociedad de la informaci\u00f3n titular de una p\u00e1gina web a los que puede acceder un usuario y para cuya prestaci\u00f3n se utilizan cookies. En este sitio web ser\u00e1 editor cada una de las sociedades indicadas en el \u201cAviso legal\u201d.<\/p>\n<p><em><u>Usuario<\/u><\/em>: es el destinatario, persona f\u00edsica, que accede al servicio prestado por un editor, pudiendo diferenciarse entre usuario registrado y no registrado.<\/p>\n<p>&nbsp;<\/p>\n<h2><strong>\u00bfQu\u00e9 tipo de\u00a0cookies\u00a0existen?<\/strong><\/h2>\n<h3>Seg\u00fan la entidad que las gestione:<\/h3>\n<p><em>Cookies propias<\/em>:\u00a0son aquellas que se env\u00edan al equipo terminal del usuario desde un equipo o dominio gestionado por el propio editor y desde el que se presta el servicio solicitado por el usuario.<\/p>\n<p><em>Cookies de terceros<\/em>:\u00a0son aquellas que se env\u00edan al equipo terminal del usuario desde un equipo o dominio que no es gestionado por el editor, sino por otra entidad que trata los datos obtenidos a trav\u00e9s de las cookies.<\/p>\n<h3>Seg\u00fan su finalidad:<\/h3>\n<p><em>Cookies\u00a0t\u00e9cnicas<\/em>: son aquellas que permiten al usuario la navegaci\u00f3n a trav\u00e9s de una p\u00e1gina web, plataforma o aplicaci\u00f3n y la utilizaci\u00f3n de las diferentes opciones o servicios que en ella existan, incluyendo aquellas que el editor utiliza para permitir la gesti\u00f3n y operativa de la p\u00e1gina web y habilitar sus funciones y servicios.<\/p>\n<p><em>Cookies de preferencias o personalizaci\u00f3n<\/em>: son aqu\u00e9llas que permiten recordar informaci\u00f3n para que el usuario acceda al servicio con determinadas caracter\u00edsticas que pueden diferenciar su experiencia de la de otros usuarios como, por ejemplo, el idioma o el n\u00famero de resultados a mostrar cuando el usuario realiza una b\u00fasqueda, etc.<\/p>\n<p><em>Cookies\u00a0de an\u00e1lisis o medici\u00f3n<\/em>: son aquellas que permiten al responsable de las mismas el seguimiento y an\u00e1lisis del comportamiento de los usuarios de los sitios web a los que est\u00e1n vinculados, incluida la cuantificaci\u00f3n de los impactos de los anuncios. La informaci\u00f3n recogida mediante este tipo de cookies se utiliza en la medici\u00f3n de la actividad de los sitios web, aplicaci\u00f3n o plataforma, con el fin de introducir mejoras en funci\u00f3n del an\u00e1lisis de los datos de uso que haden los usuarios del servicio.<\/p>\n<p><em>Cookies de publicidad comportamental<\/em>: son aquellas almacenan informaci\u00f3n del comportamiento de los usuarios obtenida a trav\u00e9s de la observaci\u00f3n continuada de sus h\u00e1bitos de navegaci\u00f3n, lo que permite desarrollar un perfil espec\u00edfico para mostrar publicidad en funci\u00f3n del mismo.<\/p>\n<h3>Seg\u00fan el plazo de tiempo que permanecen activas:<\/h3>\n<p><em>Cookies de sesi\u00f3n<\/em>: son aquellas dise\u00f1adas para recabar y almacenar datos mientras el usuario accede a una p\u00e1gina. Se suelen emplear para almacenar informaci\u00f3n que solo interesa conservar para la prestaci\u00f3n del servicio solicitado por el usuario en una sola ocasi\u00f3n (por ejemplo, una lista de productos adquiridos) y desaparecen al terminar la sesi\u00f3n.<\/p>\n<p><em>Cookies persistentes<\/em>: son un tipo de cookies en el que los datos siguen almacenados en el terminal y pueden ser accedidos y tratados durante un periodo definido por el responsable de la cookie, y que puede ir de unos minutos a varios a\u00f1os.<\/p>\n<p>&nbsp;<\/p>\n<h2><strong>\u00bfQu\u00e9 tipo de cookies utilizamos en orekait.com?<\/strong><\/h2>\n<div>\n<p>Siguiendo las directrices de la Agencia Espa\u00f1ola de Protecci\u00f3n de Datos procedemos a detallar el uso de\u00a0cookies que hace esta web con el fin de informarle con la m\u00e1xima exactitud posible.<\/p>\n<\/div>\n<div class=\"cli_pg_page_contaner\">\n<p>Nuestro sitio web utiliza las siguientes cookies<\/p>\n<table class=\"cookielawinfo-row-cat-table cookielawinfo-classic\">\n<thead>\n<tr>\n<th class=\"cookielawinfo-column-1\">Cookie<\/th>\n<th class=\"cookielawinfo-column-4\">Descripci\u00f3n<\/th>\n<\/tr>\n<\/thead>\n<tbody>\n<tr class=\"cookielawinfo-row\">\n<td class=\"cookielawinfo-column-1\">__Secure-ENID<\/td>\n<td class=\"cookielawinfo-column-4\">Dominio: google.com Algunas cookies y tecnolog\u00edas similares se utilizan para recordar tus preferencias. Por ejemplo, la mayor\u00eda de las personas que usan los servicios de Google tienen en sus navegadores una cookie denominada &#8220;NID&#8221; o &#8220;_Secure-ENID&#8221;, dependiendo de sus opciones de cookies. Estas cookies se usan para recordar tus preferencias y otra informaci\u00f3n, como el idioma que prefieres, el n\u00famero de resultados que quieres que se muestren en cada p\u00e1gina de resultados de b\u00fasqueda (por ejemplo, 10 o 20) y si quieres que el filtro B\u00fasqueda Segura de Google est\u00e9 activado o desactivado.<\/td>\n<\/tr>\n<tr class=\"cookielawinfo-row\">\n<td class=\"cookielawinfo-column-1\">_ga<\/td>\n<td class=\"cookielawinfo-column-4\">Dominio: orekait.com Se usa para distinguir a los usuarios.<\/td>\n<\/tr>\n<tr class=\"cookielawinfo-row\">\n<td class=\"cookielawinfo-column-1\">_ga_EJVPNL42MP<\/td>\n<td class=\"cookielawinfo-column-4\">Dominio: orekait.com Se usa para mantener el estado de la sesi\u00f3n.<\/td>\n<\/tr>\n<tr class=\"cookielawinfo-row\">\n<td class=\"cookielawinfo-column-1\">_ga_MH39X6SC8G<\/td>\n<td class=\"cookielawinfo-column-4\">Dominio: orekait.com Se usa para mantener el estado de la sesi\u00f3n.<\/td>\n<\/tr>\n<tr class=\"cookielawinfo-row\">\n<td class=\"cookielawinfo-column-1\">AEC<\/td>\n<td class=\"cookielawinfo-column-4\">Dominio: google.com La cookie &#8220;AEC&#8221; se usa para detectar spam, fraudes y abusos a fin de asegurar que no se cobra por error a los anunciantes por impresiones o interacciones fraudulentas o no v\u00e1lidas con los anuncios, y que se remunera de forma justa a los creadores de YouTube que participan en el Programa para Partners de YouTube.<\/td>\n<\/tr>\n<tr class=\"cookielawinfo-row\">\n<td class=\"cookielawinfo-column-1\">CONSENT<\/td>\n<td class=\"cookielawinfo-column-4\">Dominio: google.com<\/td>\n<\/tr>\n<tr class=\"cookielawinfo-row\">\n<td class=\"cookielawinfo-column-1\">wp-wpml_current_language<\/td>\n<td class=\"cookielawinfo-column-4\">\n<p id=\"tw-target-text\" class=\"tw-data-text tw-text-large XcVN5d tw-ta\" dir=\"ltr\" data-placeholder=\"Traducci\u00f3n\"><span lang=\"es\">Esta cookie est\u00e1 configurada por el m\u00f3dulo de traducciones, devuelve el idioma actual.<\/span><\/p>\n<p><strong>Caducidad<\/strong>: sesi\u00f3n<\/td>\n<\/tr>\n<tr class=\"cookielawinfo-row\">\n<td class=\"cookielawinfo-column-1\">moove_gdpr_popup<\/td>\n<td class=\"cookielawinfo-column-4\">\u00a0 Dominio: orekait.com Almacena el estado de consentimiento de cookies del usuario. <strong>Caducidad<\/strong>: 1 a\u00f1o<\/td>\n<\/tr>\n<\/tbody>\n<\/table>\n<p>Para m\u00e1s informaci\u00f3n sobre este tipo de cookies de Google puede consultar los siguientes enlaces:\u00a0<a href=\"https:\/\/policies.google.com\/technologies\/types?hl=es\" target=\"_blank\" rel=\"noopener\">https:\/\/policies.google.com\/technologies\/types?hl=es<\/a>\u00a0\u00a0y\u00a0<a href=\"https:\/\/developers.google.com\/analytics\/devguides\/collection\/analyticsjs\/cookie-usage\" target=\"_blank\" rel=\"noopener\">https:\/\/developers.google.com\/analytics\/devguides\/collection\/analyticsjs\/cookie-usage<\/a><\/p>\n<h2><strong>\u00bfC\u00f3mo deshabilitar las cookies?<\/strong><\/h2>\n<p>El modo en que el usuario puede deshabilitar cookies depender\u00e1 del navegador o navegadores que utilice. Todos los navegadores permiten cambiar la configuraci\u00f3n relacionada con las cookies. A continuaci\u00f3n, indicamos los enlaces a cada navegador:<\/p>\n<p><a href=\"https:\/\/support.mozilla.org\/es\/kb\/habilitar-y-deshabilitar-cookies-sitios-web-rastrear-preferencias?redirectlocale=es&amp;redirectslug=habilitar-y-deshabilitar-cookies-que-los-sitios-we\" target=\"_blank\" rel=\"noopener\"><strong>Firefox<\/strong><\/a><\/p>\n<p><a href=\"https:\/\/support.google.com\/chrome\/answer\/95647?hl=es\" target=\"_blank\" rel=\"noopener\"><strong>Chrome<\/strong><\/a><\/p>\n<p><a href=\"https:\/\/support.apple.com\/es-es\/guide\/safari\/sfri11471\/mac\" target=\"_blank\" rel=\"noopener\"><strong>Safari<\/strong><\/a><\/p>\n<p><a href=\"https:\/\/support.microsoft.com\/es-es\/help\/17442\/windows-internet-explorer-delete-manage-cookies\" target=\"_blank\" rel=\"noopener\">Microsoft Edge<\/a><\/p>\n<p><a href=\"https:\/\/support.microsoft.com\/es-es\/help\/17442\/windows-internet-explorer-delete-manage-cookies\" target=\"_blank\" rel=\"noopener\">Internet Explorer<\/a><\/p>\n<p><a href=\"https:\/\/support.google.com\/accounts\/answer\/61416?co=GENIE.Platform%3DAndroid&amp;hl=es\" target=\"_blank\" rel=\"noopener\">Android<\/a><\/p>\n<p><a href=\"https:\/\/support.apple.com\/es-es\/HT201265\" target=\"_blank\" rel=\"noopener\">IOS<\/a><\/p>\n<p>Si no desea ser rastreado por las cookies, Google ha desarrollado un complemento para instalar en su navegador al que puede acceder\u00a0<a href=\"http:\/\/goo.gl\/up4ND\" target=\"_blank\" rel=\"noopener\">en el siguiente enlace<\/a>.<\/p>\n<p>&nbsp;<\/p>\n<h2><strong>\u00bfQu\u00e9 consecuencias tiene deshabilitar las cookies?<\/strong><\/h2>\n<p>En caso de que el usuario impida la activaci\u00f3n de las cookies o desactive en caso de haberlas autorizado previamente, podr\u00e1 afectar al funcionamiento de algunas funcionalidades del sitio web como pueden ser, entre otras, que no se guarde informaci\u00f3n sobre la aceptaci\u00f3n del aviso inicial de cookies por lo que se le volver\u00e1 a mostrar en la pr\u00f3xima visita. Este es el caso, de las cookies necesarias.<\/p>\n<p>Del mismo modo, tampoco podremos obtener informaci\u00f3n sobre navegaci\u00f3n de los usuarios por nuestro sitio web, lo cual impedir\u00e1 o dificultar\u00e1 la mejora de la informaci\u00f3n y contenidos que publicamos, as\u00ed como su presentaci\u00f3n. Este es el caso de las cookies estad\u00edsticas o anal\u00edticas.<\/p>\n<p>&nbsp;<\/p>\n<h2><strong>Cambios o actualizaciones en nuestras pol\u00edticas sobre cookies<\/strong><\/h2>\n<p>Es posible que la estructura y funcionalidades del presente sitio web se modifique para a\u00f1adir nuevos apartados, servicios o contenidos, lo cual puede suponer que se modifique el uso y, por tanto, nuestra pol\u00edtica sobre cookies. Por eso recomendamos a los usuarios que cada vez que accedan a nuestro sitio web revisen las pol\u00edticas de cookies publicadas por si se hubiera producido alg\u00fan cambio desde su \u00faltima visita.<\/p>\n<p>Le recomendamos que<a href=\"https:\/\/www.allaboutcookies.org\/es\/\" target=\"_blank\" rel=\"noopener\">\u00a0visite esta web<\/a>\u00a0para obtener m\u00e1s informaci\u00f3n sobre cookies.<\/p>\n<\/div>\n<p>[\/et_pb_text][\/et_pb_column][\/et_pb_row][\/et_pb_section]<\/p>\n","protected":false},"excerpt":{"rendered":"<p>Pol\u00edtica de cookies Sobre esta pol\u00edtica de cookies Esta Pol\u00edtica de cookies explica\u00a0qu\u00e9 son las cookies y c\u00f3mo las usamos. Debe leer esta pol\u00edtica para comprender qu\u00e9 son las cookies, c\u00f3mo las utilizamos, los tipos de cookies que utilizamos, es decir, la informaci\u00f3n que recopilamos utilizando cookies y c\u00f3mo se utiliza esa informaci\u00f3n y c\u00f3mo [&hellip;]<\/p>\n","protected":false},"author":2,"featured_media":0,"parent":0,"menu_order":0,"comment_status":"closed","ping_status":"closed","template":"","meta":{"_et_pb_use_builder":"on","_et_pb_old_content":"","_et_gb_content_width":"","footnotes":""},"class_list":["post-19310","page","type-page","status-publish","hentry"],"_links":{"self":[{"href":"https:\/\/orekait.com\/es\/wp-json\/wp\/v2\/pages\/19310","targetHints":{"allow":["GET"]}}],"collection":[{"href":"https:\/\/orekait.com\/es\/wp-json\/wp\/v2\/pages"}],"about":[{"href":"https:\/\/orekait.com\/es\/wp-json\/wp\/v2\/types\/page"}],"author":[{"embeddable":true,"href":"https:\/\/orekait.com\/es\/wp-json\/wp\/v2\/users\/2"}],"replies":[{"embeddable":true,"href":"https:\/\/orekait.com\/es\/wp-json\/wp\/v2\/comments?post=19310"}],"version-history":[{"count":15,"href":"https:\/\/orekait.com\/es\/wp-json\/wp\/v2\/pages\/19310\/revisions"}],"predecessor-version":[{"id":37710,"href":"https:\/\/orekait.com\/es\/wp-json\/wp\/v2\/pages\/19310\/revisions\/37710"}],"wp:attachment":[{"href":"https:\/\/orekait.com\/es\/wp-json\/wp\/v2\/media?parent=19310"}],"curies":[{"name":"wp","href":"https:\/\/api.w.org\/{rel}","templated":true}]}}