{"id":27975,"date":"2024-10-28T16:49:43","date_gmt":"2024-10-28T15:49:43","guid":{"rendered":"http:\/\/192.168.20.3\/demana-mes-informacio-o-sollicita-una-demo\/"},"modified":"2025-02-27T09:16:14","modified_gmt":"2025-02-27T08:16:14","slug":"demana-mes-informacio-o-sollicita-una-demo","status":"publish","type":"page","link":"https:\/\/orekait.com\/ca\/demana-mes-informacio-o-sollicita-una-demo\/","title":{"rendered":"Demana m\u00e9s informaci\u00f3 o sol\u00b7licita una demo"},"content":{"rendered":"<p>[et_pb_section fb_built=&#8221;1&#8243; module_id=&#8221;demo&#8221; _builder_version=&#8221;4.25.2&#8243; _module_preset=&#8221;default&#8221; global_colors_info=&#8221;{}&#8221;][et_pb_row _builder_version=&#8221;4.25.2&#8243; _module_preset=&#8221;default&#8221; background_color=&#8221;#ffffff&#8221; custom_padding=&#8221;||||true|true&#8221; border_radii=&#8221;on|15px|15px|15px|15px&#8221; border_color_all=&#8221;#CD0B79&#8243; global_colors_info=&#8221;{}&#8221;][et_pb_column type=&#8221;4_4&#8243; _builder_version=&#8221;4.25.2&#8243; _module_preset=&#8221;default&#8221; background_color=&#8221;#ffffff&#8221; custom_padding=&#8221;4%|5%|4%|5%|true|true&#8221; border_radii=&#8221;on|15px|15px|15px|15px&#8221; border_width_all=&#8221;1px&#8221; border_color_all=&#8221;#CD0B79&#8243; global_colors_info=&#8221;{}&#8221;][et_pb_text _builder_version=&#8221;4.25.2&#8243; _module_preset=&#8221;default&#8221; text_orientation=&#8221;center&#8221; width=&#8221;100%&#8221; custom_padding=&#8221;||||false|true&#8221; global_colors_info=&#8221;{}&#8221;]<\/p>\n<h1>Demana m\u00e9s informaci\u00f3 o sol\u00b7licita una demo<br \/><\/h1>\n<p>&nbsp;<\/p>\n<p>El nostre equip estar\u00e0 encantat d&#8217;ajudar-te a fer el seg\u00fcent pas en el teu proc\u00e9s de digitalitzaci\u00f3.<\/p>\n<p>Podem oferir-vos una <strong>reuni\u00f3 personalitzada<\/strong> per tractar el tema que millor s&#8217;adapti a les vostres necessitats.<\/p>\n<p>Contacta&#8217;ns i coneix molt m\u00e9s sobre productes, serveis i solucions tecnol\u00f2giques.<\/p>\n<p>[\/et_pb_text][et_pb_divider show_divider=&#8221;off&#8221; _builder_version=&#8221;4.25.2&#8243; _module_preset=&#8221;default&#8221; custom_margin=&#8221;30px||||false|false&#8221; global_colors_info=&#8221;{}&#8221;][\/et_pb_divider][et_pb_text _builder_version=&#8221;4.25.2&#8243; _module_preset=&#8221;default&#8221; text_orientation=&#8221;center&#8221; global_colors_info=&#8221;{}&#8221;]<\/p>\n<div class=\"pasos-contact\" style=\"line-height: 48px;\"><span class=\"circle-number\">01<\/span><strong>Sol\u00b7licita informaci\u00f3 o una demo<\/strong><span class=\"circle-number\">02<\/span><strong>Concretem una cita<\/strong> <span class=\"circle-number\">03<\/span><strong>Analitzem el teu cas<\/strong><\/div>\n<p>[\/et_pb_text][et_pb_divider show_divider=&#8221;off&#8221; _builder_version=&#8221;4.25.2&#8243; _module_preset=&#8221;default&#8221; custom_margin=&#8221;20px||||false|false&#8221; global_colors_info=&#8221;{}&#8221;][\/et_pb_divider][et_pb_code _builder_version=&#8221;4.25.2&#8243; _module_preset=&#8221;default&#8221; global_colors_info=&#8221;{}&#8221;]<div class=\"forminator-ui forminator-custom-form forminator-custom-form-28826 forminator-design--flat  forminator_ajax\" data-forminator-render=\"0\" data-form=\"forminator-module-28826\" data-uid=\"69e4fc1b520ba\"><br\/><\/div><form\n\t\t\t\tid=\"forminator-module-28826\"\n\t\t\t\tclass=\"forminator-ui forminator-custom-form forminator-custom-form-28826 forminator-design--flat  forminator_ajax\"\n\t\t\t\tmethod=\"post\"\n\t\t\t\tdata-forminator-render=\"0\"\n\t\t\t\tdata-form-id=\"28826\"\n\t\t\t\t data-color-option=\"default\" data-design=\"flat\" data-grid=\"open\" style=\"display: none;\"\n\t\t\t\tdata-uid=\"69e4fc1b520ba\"\n\t\t\t><div role=\"alert\" aria-live=\"polite\" class=\"forminator-response-message forminator-error\" aria-hidden=\"true\"><\/div><div class=\"forminator-row\"><div id=\"name-1\" class=\"forminator-field-name forminator-col forminator-col-6 \"><div class=\"forminator-field\"><input type=\"text\" name=\"name-1\" value=\"\" placeholder=\"Nom i cognoms\" id=\"forminator-field-name-1_69e4fc1b520ba\" class=\"forminator-input forminator-name--field\" aria-required=\"true\" autocomplete=\"name\" \/><\/div><\/div><div id=\"email-1\" class=\"forminator-field-email forminator-col forminator-col-6 \"><div class=\"forminator-field\"><input type=\"email\" name=\"email-1\" value=\"\" placeholder=\"Email\" id=\"forminator-field-email-1_69e4fc1b520ba\" class=\"forminator-input forminator-email--field\" data-required=\"1\" aria-required=\"true\" autocomplete=\"email\" \/><\/div><\/div><\/div><div class=\"forminator-row\"><div id=\"phone-1\" class=\"forminator-field-phone forminator-col forminator-col-6 \"><div class=\"forminator-field\"><input type=\"text\" name=\"phone-1\" value=\"\" placeholder=\"Tel\u00e8fon\" id=\"forminator-field-phone-1_69e4fc1b520ba\" class=\"forminator-input forminator-field--phone\" data-required=\"\" aria-required=\"false\" autocomplete=\"off\" \/><\/div><\/div><div id=\"text-3\" class=\"forminator-field-text forminator-col forminator-col-6 \"><div class=\"forminator-field\"><input type=\"text\" name=\"text-3\" value=\"\" placeholder=\"Empresa\" id=\"forminator-field-text-3_69e4fc1b520ba\" class=\"forminator-input forminator-name--field\" data-required=\"\" \/><\/div><\/div><\/div><div class=\"forminator-row\"><div id=\"select-1\" class=\"forminator-field-select forminator-col forminator-col-6 \"><div class=\"forminator-field\"><select  id=\"forminator-form-28826__field--select-1_69e4fc1b520ba\" class=\"forminator-select--field forminator-select2 forminator-select2-multiple\" data-required=\"\" name=\"select-1\" data-default-value=\"\" data-hidden-behavior=\"zero\" data-placeholder=\"\" data-search=\"false\" data-search-placeholder=\"\" data-checkbox=\"false\" data-allow-clear=\"false\" aria-labelledby=\"forminator-form-28826__field--select-1_69e4fc1b520ba-label\"><option value=\"one\"  data-calculation=\"0\">Vull sol\u00b7licitar una demo<\/option><option value=\"two\"  data-calculation=\"0\">Vull demanar m\u00e9s informaci\u00f3<\/option><\/select><\/div><\/div><div id=\"text-2\" class=\"forminator-field-text forminator-col forminator-col-6 \"><div class=\"forminator-field\"><input type=\"text\" name=\"text-2\" value=\"\" placeholder=\"Escriu aqu\u00ed el producte o servei que t&#039;interessa\" id=\"forminator-field-text-2_69e4fc1b520ba\" class=\"forminator-input forminator-name--field\" data-required=\"\" \/><\/div><\/div><\/div><div class=\"forminator-row\"><div id=\"textarea-1\" class=\"forminator-field-textarea forminator-col forminator-col-12 \"><div class=\"forminator-field\"><textarea name=\"textarea-1\" placeholder=\"Escriu aqu\u00ed el teu missatge\" id=\"forminator-field-textarea-1_69e4fc1b520ba\" class=\"forminator-textarea\" rows=\"6\" style=\"min-height:140px;\" ><\/textarea><\/div><\/div><\/div><div class=\"forminator-row\"><div id=\"consent-1\" class=\"forminator-field-consent forminator-col forminator-col-12 \"><div class=\"forminator-field\"><div class=\"forminator-checkbox__wrapper\"><label id=\"forminator-field-consent-1_69e4fc1b520ba__label\" class=\"forminator-checkbox forminator-consent\"><input type=\"checkbox\" name=\"consent-1\" id=\"forminator-field-consent-1_69e4fc1b520ba\" value=\"checked\" aria-labelledby=\"forminator-field-consent-1_69e4fc1b520ba-label\" aria-describedby=\"forminator-field-consent-1_69e4fc1b520ba__description\" data-required=\"true\" aria-required=\"true\" \/><span class=\"forminator-checkbox-box\" aria-hidden=\"true\"><\/span><\/label><div id=\"forminator-field-consent-1_69e4fc1b520ba__description\" class=\"forminator-checkbox__label forminator-consent__label\"><p>He llegit i accepto les <a href=\"https:\/\/orekait.com\/ca\/politica-de-privacitat\/\">pol\u00edtiques de privadesa.<\/a><\/p><\/div><\/div><\/div><\/div><\/div><div class=\"forminator-row\" style=\"margin: 0;\"><div id=\"captcha-1\" class=\"forminator-field-captcha  forminator-col-12 \"><div class=\"forminator-captcha-left forminator-g-recaptcha recaptcha-invisible\" data-theme=\"light\" data-badge=\"bottomright\" data-sitekey=\"6LcYMgUrAAAAADhhMzWM2CWRo-6Fv1wKhOniyApl\" data-size=\"invisible\"><\/div> <\/div><\/div><input type=\"hidden\" name=\"referer_url\" value=\"\" \/><div class=\"forminator-row forminator-row-last\"><div class=\"forminator-col\"><div class=\"forminator-field\"><button class=\"forminator-button forminator-button-submit\">Enviar<\/button><\/div><\/div><\/div><input type=\"hidden\" id=\"forminator_nonce\" name=\"forminator_nonce\" value=\"5b758d938a\" \/><input type=\"hidden\" name=\"_wp_http_referer\" value=\"\/ca\/wp-json\/wp\/v2\/pages\/27975\" \/><input type=\"hidden\" name=\"form_id\" value=\"28826\"><input type=\"hidden\" name=\"page_id\" value=\"27975\"><input type=\"hidden\" name=\"form_type\" value=\"default\"><input type=\"hidden\" name=\"current_url\" value=\"https:\/\/orekait.com\/ca\/demana-mes-informacio-o-sollicita-una-demo\/\"><input type=\"hidden\" name=\"render_id\" value=\"0\"><input type=\"hidden\" name=\"action\" value=\"forminator_submit_form_custom-forms\"><\/form>[\/et_pb_code][\/et_pb_column][\/et_pb_row][\/et_pb_section][et_pb_section fb_built=&#8221;1&#8243; _builder_version=&#8221;4.25.2&#8243; _module_preset=&#8221;default&#8221; background_image=&#8221;https:\/\/orekait.com\/wp-content\/uploads\/2025\/01\/pide-mas-informacion-o-demo.png&#8221; custom_margin=&#8221;-200px||||false|false&#8221; custom_padding=&#8221;10%||10%||true|false&#8221; global_colors_info=&#8221;{}&#8221;][et_pb_row use_custom_gutter=&#8221;on&#8221; _builder_version=&#8221;4.25.2&#8243; _module_preset=&#8221;default&#8221; global_colors_info=&#8221;{}&#8221;][et_pb_column type=&#8221;4_4&#8243; _builder_version=&#8221;4.25.2&#8243; _module_preset=&#8221;default&#8221; global_colors_info=&#8221;{}&#8221;][\/et_pb_column][\/et_pb_row][\/et_pb_section]<\/p>\n","protected":false},"excerpt":{"rendered":"<p>Demana m\u00e9s informaci\u00f3 o sol\u00b7licita una demo &nbsp; El nostre equip estar\u00e0 encantat d&#8217;ajudar-te a fer el seg\u00fcent pas en el teu proc\u00e9s de digitalitzaci\u00f3. Podem oferir-vos una reuni\u00f3 personalitzada per tractar el tema que millor s&#8217;adapti a les vostres necessitats. Contacta&#8217;ns i coneix molt m\u00e9s sobre productes, serveis i solucions tecnol\u00f2giques.01Sol\u00b7licita informaci\u00f3 o una [&hellip;]<\/p>\n","protected":false},"author":2,"featured_media":0,"parent":0,"menu_order":0,"comment_status":"closed","ping_status":"closed","template":"","meta":{"_et_pb_use_builder":"on","_et_pb_old_content":"","_et_gb_content_width":"","footnotes":""},"class_list":["post-27975","page","type-page","status-publish","hentry"],"_links":{"self":[{"href":"https:\/\/orekait.com\/ca\/wp-json\/wp\/v2\/pages\/27975","targetHints":{"allow":["GET"]}}],"collection":[{"href":"https:\/\/orekait.com\/ca\/wp-json\/wp\/v2\/pages"}],"about":[{"href":"https:\/\/orekait.com\/ca\/wp-json\/wp\/v2\/types\/page"}],"author":[{"embeddable":true,"href":"https:\/\/orekait.com\/ca\/wp-json\/wp\/v2\/users\/2"}],"replies":[{"embeddable":true,"href":"https:\/\/orekait.com\/ca\/wp-json\/wp\/v2\/comments?post=27975"}],"version-history":[{"count":5,"href":"https:\/\/orekait.com\/ca\/wp-json\/wp\/v2\/pages\/27975\/revisions"}],"predecessor-version":[{"id":28837,"href":"https:\/\/orekait.com\/ca\/wp-json\/wp\/v2\/pages\/27975\/revisions\/28837"}],"wp:attachment":[{"href":"https:\/\/orekait.com\/ca\/wp-json\/wp\/v2\/media?parent=27975"}],"curies":[{"name":"wp","href":"https:\/\/api.w.org\/{rel}","templated":true}]}}