{"id":27931,"date":"2024-11-04T13:16:50","date_gmt":"2024-11-04T12:16:50","guid":{"rendered":"http:\/\/192.168.20.3\/industria-de-la-moda\/"},"modified":"2025-06-02T15:34:35","modified_gmt":"2025-06-02T13:34:35","slug":"industria-de-la-moda","status":"publish","type":"page","link":"https:\/\/orekait.com\/ca\/industria-de-la-moda\/","title":{"rendered":"Ind\u00fastria de la Moda"},"content":{"rendered":"<p>[et_pb_section fb_built=&#8221;1&#8243; _builder_version=&#8221;4.25.2&#8243; _module_preset=&#8221;default&#8221; background_image=&#8221;https:\/\/orekait.com\/wp-content\/uploads\/2024\/12\/Industria-de-la-moda-1.png&#8221; custom_padding=&#8221;5%||5%||true|false&#8221; global_colors_info=&#8221;{}&#8221;][et_pb_row _builder_version=&#8221;4.25.2&#8243; _module_preset=&#8221;default&#8221; global_colors_info=&#8221;{}&#8221;][et_pb_column type=&#8221;4_4&#8243; _builder_version=&#8221;4.25.2&#8243; _module_preset=&#8221;default&#8221; global_colors_info=&#8221;{}&#8221;][\/et_pb_column][\/et_pb_row][\/et_pb_section][et_pb_section fb_built=&#8221;1&#8243; _builder_version=&#8221;4.25.2&#8243; _module_preset=&#8221;default&#8221; custom_margin=&#8221;||0px||false|false&#8221; custom_padding=&#8221;||0px||false|false&#8221; global_colors_info=&#8221;{}&#8221;][et_pb_row _builder_version=&#8221;4.25.2&#8243; _module_preset=&#8221;default&#8221; width=&#8221;60%&#8221; width_tablet=&#8221;80%&#8221; width_phone=&#8221;80%&#8221; width_last_edited=&#8221;on|desktop&#8221; module_alignment=&#8221;center&#8221; custom_margin=&#8221;-300px|0px|0px|0px|false|true&#8221; custom_margin_tablet=&#8221;-150px||||false|false&#8221; custom_margin_phone=&#8221;-100px||||false|false&#8221; custom_margin_last_edited=&#8221;on|phone&#8221; custom_padding=&#8221;||0px||false|false&#8221; border_radii=&#8221;on|15px|15px|15px|15px&#8221; border_color_all=&#8221;#060657&#8243; global_colors_info=&#8221;{}&#8221;][et_pb_column type=&#8221;4_4&#8243; _builder_version=&#8221;4.25.2&#8243; _module_preset=&#8221;default&#8221; background_color=&#8221;#060657&#8243; background_image=&#8221;https:\/\/orekait.com\/wp-content\/uploads\/2024\/10\/Fondo-contacto.png&#8221; custom_padding=&#8221;8%|8%|8%|8%|true|true&#8221; custom_padding_tablet=&#8221;|4%||4%|true|true&#8221; custom_padding_phone=&#8221;|2%||2%|true|true&#8221; custom_padding_last_edited=&#8221;on|tablet&#8221; border_radii=&#8221;on|15px|15px|15px|15px&#8221; border_width_all=&#8221;1px&#8221; border_color_all=&#8221;#060657&#8243; global_colors_info=&#8221;{}&#8221;][et_pb_heading title=&#8221;IND\u00daSTRIES&#8221; _builder_version=&#8221;4.25.2&#8243; _module_preset=&#8221;default&#8221; title_font=&#8221;|300|||||||&#8221; title_text_align=&#8221;center&#8221; title_text_color=&#8221;#ffffff&#8221; title_font_size=&#8221;25px&#8221; custom_margin=&#8221;||0px||false|false&#8221; custom_padding=&#8221;||0px||false|false&#8221; global_colors_info=&#8221;{}&#8221;][\/et_pb_heading][et_pb_heading title=&#8221;Ind\u00fastria de la Moda&#8221; _builder_version=&#8221;4.25.2&#8243; _module_preset=&#8221;default&#8221; title_text_align=&#8221;center&#8221; title_text_color=&#8221;#ffffff&#8221; custom_margin=&#8221;||0px||false|false&#8221; custom_padding=&#8221;||0px||false|false&#8221; global_colors_info=&#8221;{}&#8221;][\/et_pb_heading][et_pb_divider show_divider=&#8221;off&#8221; admin_label=&#8221;Separador&#8221; _builder_version=&#8221;4.25.2&#8243; _module_preset=&#8221;default&#8221; custom_margin=&#8221;20px||||false|false&#8221; global_colors_info=&#8221;{}&#8221;][\/et_pb_divider][et_pb_image src=&#8221;https:\/\/orekait.com\/wp-content\/uploads\/2024\/10\/btn-rojo-flecha-trans.png&#8221; alt=&#8221;btn-rojo-flecha-trans&#8221; title_text=&#8221;btn-rojo-flecha-trans&#8221; align=&#8221;center&#8221; _builder_version=&#8221;4.25.2&#8243; _module_preset=&#8221;default&#8221; animation_style=&#8221;slide&#8221; animation_direction=&#8221;top&#8221; global_colors_info=&#8221;{}&#8221;][\/et_pb_image][\/et_pb_column][\/et_pb_row][\/et_pb_section][et_pb_section fb_built=&#8221;1&#8243; _builder_version=&#8221;4.25.2&#8243; _module_preset=&#8221;default&#8221; global_colors_info=&#8221;{}&#8221;][et_pb_row column_structure=&#8221;1_2,1_2&#8243; _builder_version=&#8221;4.25.2&#8243; _module_preset=&#8221;default&#8221; global_colors_info=&#8221;{}&#8221;][et_pb_column type=&#8221;1_2&#8243; _builder_version=&#8221;4.25.2&#8243; _module_preset=&#8221;default&#8221; global_colors_info=&#8221;{}&#8221;][et_pb_text _builder_version=&#8221;4.25.2&#8243; _module_preset=&#8221;default&#8221; global_colors_info=&#8221;{}&#8221;]La ind\u00fastria de la moda \u00e9s din\u00e0mica i velo\u00e7, amb cicles de producte curts i una alta demanda de personalitzaci\u00f3. Les empreses han de gestionar efica\u00e7ment la cadena de subministrament i respondre r\u00e0pidament a les tend\u00e8ncies del mercat.[\/et_pb_text][et_pb_button button_url=&#8221;#productes&#8221; button_text=&#8221;Productes relacionats&#8221; module_class=&#8221;btn-flecha&#8221; _builder_version=&#8221;4.25.2&#8243; _module_preset=&#8221;default&#8221; custom_button=&#8221;on&#8221; button_text_size=&#8221;16px&#8221; button_text_color=&#8221;#333333&#8243; button_bg_color=&#8221;RGBA(255,255,255,0)&#8221; button_border_color=&#8221;#8156EA&#8221; button_border_radius=&#8221;50px&#8221; button_icon=&#8221;&#x24;||divi||400&#8243; button_icon_color=&#8221;#8156EA&#8221; button_on_hover=&#8221;off&#8221; animation_style=&#8221;slide&#8221; animation_direction=&#8221;left&#8221; global_colors_info=&#8221;{}&#8221;][\/et_pb_button][\/et_pb_column][et_pb_column type=&#8221;1_2&#8243; _builder_version=&#8221;4.25.2&#8243; _module_preset=&#8221;default&#8221; global_colors_info=&#8221;{}&#8221;][et_pb_blurb image_icon_background_color=&#8221;RGBA(255,255,255,0)&#8221; image=&#8221;https:\/\/orekait.com\/wp-content\/uploads\/2024\/10\/btn-morado-flecha.png&#8221; alt=&#8221;btn-morado-flecha&#8221; icon_placement=&#8221;left&#8221; image_icon_width=&#8221;55px&#8221; content_max_width_tablet=&#8221;100%&#8221; content_max_width_phone=&#8221;100%&#8221; content_max_width_last_edited=&#8221;on|phone&#8221; _builder_version=&#8221;4.25.2&#8243; _module_preset=&#8221;default&#8221; global_colors_info=&#8221;{}&#8221;]<\/p>\n<p><strong>Cicles de vida r\u00e0pids:<\/strong> <br \/>Accelerar el disseny, producci\u00f3 i llan\u00e7ament de noves col\u00b7leccions.<\/p>\n<p>[\/et_pb_blurb][et_pb_blurb image_icon_background_color=&#8221;RGBA(255,255,255,0)&#8221; image=&#8221;https:\/\/orekait.com\/wp-content\/uploads\/2024\/10\/btn-morado-flecha.png&#8221; alt=&#8221;btn-morado-flecha&#8221; icon_placement=&#8221;left&#8221; image_icon_width=&#8221;55px&#8221; content_max_width_tablet=&#8221;100%&#8221; content_max_width_phone=&#8221;100%&#8221; content_max_width_last_edited=&#8221;on|phone&#8221; _builder_version=&#8221;4.25.2&#8243; _module_preset=&#8221;default&#8221; global_colors_info=&#8221;{}&#8221;]<\/p>\n<p><strong>Personalitzaci\u00f3 i experi\u00e8ncia del client:<\/strong> <br \/>Adaptar productes a les necessitats canviants dels consumidors.<\/p>\n<p>[\/et_pb_blurb][et_pb_blurb image_icon_background_color=&#8221;RGBA(255,255,255,0)&#8221; image=&#8221;https:\/\/orekait.com\/wp-content\/uploads\/2024\/10\/btn-morado-flecha.png&#8221; alt=&#8221;btn-morado-flecha&#8221; icon_placement=&#8221;left&#8221; image_icon_width=&#8221;55px&#8221; content_max_width_tablet=&#8221;100%&#8221; content_max_width_phone=&#8221;100%&#8221; content_max_width_last_edited=&#8221;on|phone&#8221; _builder_version=&#8221;4.25.2&#8243; _module_preset=&#8221;default&#8221; global_colors_info=&#8221;{}&#8221;]<\/p>\n<p><strong>Sostenibilitat:<\/strong> <br \/>Complir les expectatives de responsabilitat social i sostenibilitat.<\/p>\n<p>[\/et_pb_blurb][\/et_pb_column][\/et_pb_row][\/et_pb_section][et_pb_section fb_built=&#8221;1&#8243; custom_padding_last_edited=&#8221;on|tablet&#8221; module_class=&#8221;res-none&#8221; _builder_version=&#8221;4.25.2&#8243; _module_preset=&#8221;default&#8221; background_color=&#8221;#f6f6f6&#8243; background_image=&#8221;https:\/\/orekait.com\/wp-content\/uploads\/2024\/10\/fondo-banner-equioo-sin-fondo.png&#8221; background_position=&#8221;top_center&#8221; width=&#8221;100%&#8221; custom_margin_tablet=&#8221;&#8221; custom_margin_phone=&#8221;&#8221; custom_margin_last_edited=&#8221;on|desktop&#8221; custom_padding=&#8221;||5%||false|false&#8221; custom_padding_tablet=&#8221;|||4%|false|false&#8221; custom_padding_phone=&#8221;|||4%|false|false&#8221; background_last_edited=&#8221;on|desktop&#8221; background_enable_image_tablet=&#8221;off&#8221; global_colors_info=&#8221;{}&#8221;][et_pb_row column_structure=&#8221;1_5,3_5,1_5&#8243; use_custom_gutter=&#8221;on&#8221; _builder_version=&#8221;4.25.2&#8243; _module_preset=&#8221;default&#8221; width=&#8221;90%&#8221; custom_css_main_element=&#8221;display:flex;||justify-content:flex-start;&#8221; global_colors_info=&#8221;{}&#8221;][et_pb_column type=&#8221;1_5&#8243; module_class=&#8221;width-7&#8243; _builder_version=&#8221;4.25.2&#8243; _module_preset=&#8221;default&#8221; global_colors_info=&#8221;{}&#8221;][et_pb_image src=&#8221;https:\/\/orekait.com\/wp-content\/uploads\/2024\/10\/btn-rojo-flecha.png&#8221; alt=&#8221;btn-rojo-flecha&#8221; title_text=&#8221;btn-rojo-flecha&#8221; _builder_version=&#8221;4.25.2&#8243; _module_preset=&#8221;default&#8221; animation_style=&#8221;fade&#8221; custom_css_main_element=&#8221;    transform: rotate(-90deg);&#8221; global_colors_info=&#8221;{}&#8221;][\/et_pb_image][\/et_pb_column][et_pb_column type=&#8221;3_5&#8243; _builder_version=&#8221;4.25.2&#8243; _module_preset=&#8221;default&#8221; global_colors_info=&#8221;{}&#8221;][et_pb_text admin_label=&#8221;Texto&#8221; _builder_version=&#8221;4.25.2&#8243; _module_preset=&#8221;default&#8221; width=&#8221;60%&#8221; width_tablet=&#8221;80%&#8221; width_phone=&#8221;80%&#8221; width_last_edited=&#8221;on|phone&#8221; global_colors_info=&#8221;{}&#8221;]<\/p>\n<h2 class=\"size-36\">Solucions d&#8217;Oreka IT<\/h2>\n<p>Les nostres solucions gestionen eficientment tota la cadena de valor, des del disseny fins a la distribuci\u00f3. \u00c0mplia experi\u00e8ncia en el sector amb solucions pr\u00f2pies que cobreixen les necessitats espec\u00edfiques, com ara la suite<strong>Fmoda One.<\/strong> <\/p>\n<p>[\/et_pb_text][\/et_pb_column][et_pb_column type=&#8221;1_5&#8243; _builder_version=&#8221;4.25.2&#8243; _module_preset=&#8221;default&#8221; global_colors_info=&#8221;{}&#8221;][\/et_pb_column][\/et_pb_row][\/et_pb_section][et_pb_section fb_built=&#8221;1&#8243; module_id=&#8221;productes&#8221; _builder_version=&#8221;4.25.2&#8243; _module_preset=&#8221;default&#8221; global_colors_info=&#8221;{}&#8221;][et_pb_row _builder_version=&#8221;4.25.2&#8243; _module_preset=&#8221;default&#8221; global_colors_info=&#8221;{}&#8221;][et_pb_column type=&#8221;4_4&#8243; _builder_version=&#8221;4.25.2&#8243; _module_preset=&#8221;default&#8221; global_colors_info=&#8221;{}&#8221;][et_pb_text admin_label=&#8221;Texto&#8221; _builder_version=&#8221;4.25.2&#8243; _module_preset=&#8221;default&#8221; width=&#8221;60%&#8221; width_tablet=&#8221;100%&#8221; width_phone=&#8221;100%&#8221; width_last_edited=&#8221;on|phone&#8221; global_colors_info=&#8221;{}&#8221;]<\/p>\n<h2 class=\"size-36\">Solucions per a la teva empresa<\/h2>\n<p>Descobreix com podem adaptar-nos a les necessitats del teu negoci a trav\u00e9s del nostre coneixement, experi\u00e8ncia al teu sector i producte propi desenvolupat a Oreka IT.<\/p>\n<p>[\/et_pb_text][\/et_pb_column][\/et_pb_row][et_pb_row column_structure=&#8221;1_3,1_3,1_3&#8243; make_equal=&#8221;on&#8221; _builder_version=&#8221;4.25.2&#8243; _module_preset=&#8221;default&#8221; animation_style=&#8221;slide&#8221; animation_direction=&#8221;bottom&#8221; global_colors_info=&#8221;{}&#8221;][et_pb_column type=&#8221;1_3&#8243; _builder_version=&#8221;4.25.2&#8243; _module_preset=&#8221;default&#8221; background_color=&#8221;#f6f6f6&#8243; custom_padding=&#8221;6%|4%|6%|4%|true|true&#8221; border_radii=&#8221;on|15px|15px|15px|15px&#8221; border_width_all=&#8221;1px&#8221; border_color_all=&#8221;#f6f6f6&#8243; global_colors_info=&#8221;{}&#8221;][et_pb_text _builder_version=&#8221;4.25.2&#8243; _module_preset=&#8221;default&#8221; header_line_height=&#8221;30px&#8221; global_colors_info=&#8221;{}&#8221;]<\/p>\n<h3 style=\"line-height: 30px;\">FmodaOne<\/h3>\n<p>Programari de moda i cal\u00e7at integrat a SAP Business One amb una Suite de solucions en constant evoluci\u00f3, necess\u00e0ries al mercat actual.[\/et_pb_text][et_pb_button button_url=&#8221;https:\/\/orekait.com\/ca\/producte-propi-especific-per-a-sap-business-one\/fmodaone-%c2%b7-programari-de-moda-i-calcat\/&#8221; url_new_window=&#8221;on&#8221; button_text=&#8221;Veure soluci\u00f3&#8221; module_class=&#8221;btn-flecha&#8221; _builder_version=&#8221;4.25.2&#8243; _module_preset=&#8221;default&#8221; custom_button=&#8221;on&#8221; button_text_size=&#8221;16px&#8221; button_text_color=&#8221;#333333&#8243; button_bg_color=&#8221;RGBA(255,255,255,0)&#8221; button_border_color=&#8221;#CD0B79&#8243; button_border_radius=&#8221;50px&#8221; button_icon=&#8221;&#x24;||divi||400&#8243; button_icon_color=&#8221;#CD0B79&#8243; button_on_hover=&#8221;off&#8221; global_colors_info=&#8221;{}&#8221;][\/et_pb_button][\/et_pb_column][et_pb_column type=&#8221;1_3&#8243; _builder_version=&#8221;4.25.2&#8243; _module_preset=&#8221;default&#8221; background_color=&#8221;#f6f6f6&#8243; custom_padding=&#8221;6%|4%|6%|4%|true|true&#8221; border_radii=&#8221;on|15px|15px|15px|15px&#8221; border_width_all=&#8221;1px&#8221; border_color_all=&#8221;#f6f6f6&#8243; global_colors_info=&#8221;{}&#8221;][et_pb_text _builder_version=&#8221;4.25.2&#8243; _module_preset=&#8221;default&#8221; header_line_height=&#8221;30px&#8221; global_colors_info=&#8221;{}&#8221;]<\/p>\n<h3 style=\"line-height: 30px;\">iBoutique TPV<\/h3>\n<p>Programari punt de venda amb TPV. Gesti\u00f3 de botiga, fidelitzaci\u00f3 de clients, amb tecnologia t\u00e0ctil i intu\u00eftiva. Sector moda, cal\u00e7at i \u00f2ptiques.[\/et_pb_text][et_pb_button button_url=&#8221;https:\/\/orekait.com\/ca\/producte-propi-especific-per-a-sap-business-one\/iboutique-tpv\/&#8221; url_new_window=&#8221;on&#8221; button_text=&#8221;Veure soluci\u00f3&#8221; module_class=&#8221;btn-flecha&#8221; _builder_version=&#8221;4.25.2&#8243; _module_preset=&#8221;default&#8221; custom_button=&#8221;on&#8221; button_text_size=&#8221;16px&#8221; button_text_color=&#8221;#333333&#8243; button_bg_color=&#8221;RGBA(255,255,255,0)&#8221; button_border_color=&#8221;#CD0B79&#8243; button_border_radius=&#8221;50px&#8221; button_icon=&#8221;&#x24;||divi||400&#8243; button_icon_color=&#8221;#CD0B79&#8243; button_on_hover=&#8221;off&#8221; global_colors_info=&#8221;{}&#8221;][\/et_pb_button][\/et_pb_column][et_pb_column type=&#8221;1_3&#8243; _builder_version=&#8221;4.25.2&#8243; _module_preset=&#8221;default&#8221; background_color=&#8221;#f6f6f6&#8243; custom_padding=&#8221;6%|4%|6%|4%|true|true&#8221; border_radii=&#8221;on|15px|15px|15px|15px&#8221; border_width_all=&#8221;1px&#8221; border_color_all=&#8221;#f6f6f6&#8243; global_colors_info=&#8221;{}&#8221;][et_pb_text _builder_version=&#8221;4.25.2&#8243; _module_preset=&#8221;default&#8221; header_line_height=&#8221;30px&#8221; global_colors_info=&#8221;{}&#8221;]<\/p>\n<h3 style=\"line-height: 30px;\">Integraci\u00f3 eCommerce<\/h3>\n<p>Connecta el teu sistema SAP Business One amb les principals plataformes eCommerce del mercat, com ara Shopify, Prestashop i WooCommerce.[\/et_pb_text][et_pb_button button_url=&#8221;https:\/\/orekait.com\/ca\/producte-propi-especific-per-a-sap-business-one\/integracio-ecommerce\/&#8221; url_new_window=&#8221;on&#8221; button_text=&#8221;Veure soluci\u00f3&#8221; module_class=&#8221;btn-flecha&#8221; _builder_version=&#8221;4.25.2&#8243; _module_preset=&#8221;default&#8221; custom_button=&#8221;on&#8221; button_text_size=&#8221;16px&#8221; button_text_color=&#8221;#333333&#8243; button_bg_color=&#8221;RGBA(255,255,255,0)&#8221; button_border_color=&#8221;#CD0B79&#8243; button_border_radius=&#8221;50px&#8221; button_font=&#8221;|600|||||||&#8221; button_icon=&#8221;&#x24;||divi||400&#8243; button_icon_color=&#8221;#CD0B79&#8243; button_on_hover=&#8221;off&#8221; global_colors_info=&#8221;{}&#8221;][\/et_pb_button][\/et_pb_column][\/et_pb_row][\/et_pb_section][et_pb_section fb_built=&#8221;1&#8243; module_id=&#8221;curriculuma&#8221; _builder_version=&#8221;4.25.2&#8243; _module_preset=&#8221;default&#8221; custom_margin=&#8221;0px||||false|false&#8221; custom_padding=&#8221;0px||||false|false&#8221; global_colors_info=&#8221;{}&#8221;][et_pb_row use_custom_gutter=&#8221;on&#8221; _builder_version=&#8221;4.25.2&#8243; _module_preset=&#8221;default&#8221; background_color=&#8221;#060657&#8243; background_image=&#8221;https:\/\/orekait.com\/wp-content\/uploads\/2024\/10\/Circulos.png&#8221; width=&#8221;90%&#8221; custom_padding=&#8221;6%|20%|6%|20%|true|true&#8221; border_radii=&#8221;on|15px|15px|15px|15px&#8221; border_width_all=&#8221;1px&#8221; border_color_all=&#8221;#f6f6f6&#8243; global_colors_info=&#8221;{}&#8221;][et_pb_column type=&#8221;4_4&#8243; _builder_version=&#8221;4.25.2&#8243; _module_preset=&#8221;default&#8221; global_colors_info=&#8221;{}&#8221;][et_pb_heading title=&#8221;Necessites informaci\u00f3?&#8221; _builder_version=&#8221;4.25.2&#8243; _module_preset=&#8221;default&#8221; title_level=&#8221;h2&#8243; title_text_align=&#8221;center&#8221; title_text_color=&#8221;#ffffff&#8221; title_font_size=&#8221;35px&#8221; animation_style=&#8221;zoom&#8221; global_colors_info=&#8221;{}&#8221;][\/et_pb_heading][et_pb_button button_url=&#8221;https:\/\/orekait.com\/ca\/contacte\/&#8221; url_new_window=&#8221;on&#8221; button_text=&#8221;Cont\u00e0ctans&#8221; button_alignment=&#8221;center&#8221; module_class=&#8221;btn-flecha white&#8221; _builder_version=&#8221;4.25.2&#8243; _module_preset=&#8221;default&#8221; custom_button=&#8221;on&#8221; button_text_size=&#8221;16px&#8221; button_text_color=&#8221;#ffffff&#8221; button_bg_color=&#8221;RGBA(255,255,255,0)&#8221; button_border_color=&#8221;#00E1BB&#8221; button_border_radius=&#8221;50px&#8221; button_icon=&#8221;&#x24;||divi||400&#8243; button_icon_color=&#8221;#00E1BB&#8221; button_on_hover=&#8221;off&#8221; global_colors_info=&#8221;{}&#8221;][\/et_pb_button][\/et_pb_column][\/et_pb_row][\/et_pb_section]<\/p>\n","protected":false},"excerpt":{"rendered":"<p>La ind\u00fastria de la moda \u00e9s din\u00e0mica i velo\u00e7, amb cicles de producte curts i una alta demanda de personalitzaci\u00f3. Les empreses han de gestionar efica\u00e7ment la cadena de subministrament i respondre r\u00e0pidament a les tend\u00e8ncies del mercat.Cicles de vida r\u00e0pids: Accelerar el disseny, producci\u00f3 i llan\u00e7ament de noves col\u00b7leccions.Personalitzaci\u00f3 i experi\u00e8ncia del client: Adaptar [&hellip;]<\/p>\n","protected":false},"author":2,"featured_media":0,"parent":0,"menu_order":0,"comment_status":"closed","ping_status":"closed","template":"","meta":{"_et_pb_use_builder":"on","_et_pb_old_content":"","_et_gb_content_width":"","footnotes":""},"class_list":["post-27931","page","type-page","status-publish","hentry"],"_links":{"self":[{"href":"https:\/\/orekait.com\/ca\/wp-json\/wp\/v2\/pages\/27931","targetHints":{"allow":["GET"]}}],"collection":[{"href":"https:\/\/orekait.com\/ca\/wp-json\/wp\/v2\/pages"}],"about":[{"href":"https:\/\/orekait.com\/ca\/wp-json\/wp\/v2\/types\/page"}],"author":[{"embeddable":true,"href":"https:\/\/orekait.com\/ca\/wp-json\/wp\/v2\/users\/2"}],"replies":[{"embeddable":true,"href":"https:\/\/orekait.com\/ca\/wp-json\/wp\/v2\/comments?post=27931"}],"version-history":[{"count":5,"href":"https:\/\/orekait.com\/ca\/wp-json\/wp\/v2\/pages\/27931\/revisions"}],"predecessor-version":[{"id":33756,"href":"https:\/\/orekait.com\/ca\/wp-json\/wp\/v2\/pages\/27931\/revisions\/33756"}],"wp:attachment":[{"href":"https:\/\/orekait.com\/ca\/wp-json\/wp\/v2\/media?parent=27931"}],"curies":[{"name":"wp","href":"https:\/\/api.w.org\/{rel}","templated":true}]}}