{"id":27094,"date":"2024-11-26T12:05:00","date_gmt":"2024-11-26T11:05:00","guid":{"rendered":"http:\/\/192.168.20.3\/area-de-coneixement-logistica-i-magatzem\/gestio-de-compres\/"},"modified":"2025-07-17T10:32:19","modified_gmt":"2025-07-17T08:32:19","slug":"gestio-de-compres","status":"publish","type":"page","link":"https:\/\/orekait.com\/ca\/area-de-coneixement-logistica-i-magatzem\/gestio-de-compres\/","title":{"rendered":"Gesti\u00f3 de compres"},"content":{"rendered":"<p>[et_pb_section fb_built=&#8221;1&#8243; admin_label=&#8221;imagen slide&#8221; _builder_version=&#8221;4.25.2&#8243; _module_preset=&#8221;default&#8221; background_image=&#8221;https:\/\/orekait.com\/wp-content\/uploads\/2024\/11\/Logi\u0301stica-y-almace\u0301n.png&#8221; custom_padding=&#8221;3%||3%||true|false&#8221; global_colors_info=&#8221;{}&#8221;][et_pb_row _builder_version=&#8221;4.25.2&#8243; _module_preset=&#8221;default&#8221; global_colors_info=&#8221;{}&#8221;][et_pb_column type=&#8221;4_4&#8243; _builder_version=&#8221;4.25.2&#8243; _module_preset=&#8221;default&#8221; global_colors_info=&#8221;{}&#8221;][\/et_pb_column][\/et_pb_row][\/et_pb_section][et_pb_section fb_built=&#8221;1&#8243; admin_label=&#8221;informacion general&#8221; _builder_version=&#8221;4.25.2&#8243; _module_preset=&#8221;default&#8221; custom_margin=&#8221;0px||0px||false|false&#8221; custom_padding=&#8221;2%||2%||true|false&#8221; global_colors_info=&#8221;{}&#8221;][et_pb_row column_structure=&#8221;2_5,3_5&#8243; use_custom_gutter=&#8221;on&#8221; _builder_version=&#8221;4.25.2&#8243; _module_preset=&#8221;default&#8221; width=&#8221;90%&#8221; global_colors_info=&#8221;{}&#8221;][et_pb_column type=&#8221;2_5&#8243; _builder_version=&#8221;4.25.2&#8243; _module_preset=&#8221;default&#8221; global_colors_info=&#8221;{}&#8221;][et_pb_text admin_label=&#8221;Texto&#8221; _builder_version=&#8221;4.25.2&#8243; _module_preset=&#8221;default&#8221; text_font=&#8221;|300|||||||&#8221; custom_margin=&#8221;||10px||false|false&#8221; custom_padding=&#8221;||0px||false|false&#8221; global_colors_info=&#8221;{}&#8221;]<\/p>\n<h1 class=\"area\">LOG\u00cdSTICA I MAGATZEM<\/h1>\n<p>[\/et_pb_text][et_pb_text _builder_version=&#8221;4.25.2&#8243; _module_preset=&#8221;default&#8221; header_font_size=&#8221;45px&#8221; header_line_height=&#8221;55px&#8221; custom_margin=&#8221;||10px||false|false&#8221; custom_padding=&#8221;||0px||false|false&#8221; global_colors_info=&#8221;{}&#8221;]<\/p>\n<h2 class=\"size-36\">Gesti\u00f3 de compres<\/h2>\n<p>[\/et_pb_text][et_pb_divider show_divider=&#8221;off&#8221; _builder_version=&#8221;4.25.2&#8243; _module_preset=&#8221;default&#8221; custom_margin=&#8221;20px||||false|false&#8221; global_colors_info=&#8221;{}&#8221;][\/et_pb_divider][et_pb_button button_url=&#8221;https:\/\/orekait.com\/ca\/demana-mes-informacio-o-sollicita-una-demo\/&#8221; url_new_window=&#8221;on&#8221; button_text=&#8221;Vull saber-ne m\u00e9s&#8221; module_class=&#8221;btn-flecha&#8221; _builder_version=&#8221;4.25.2&#8243; _module_preset=&#8221;default&#8221; custom_button=&#8221;on&#8221; button_text_size=&#8221;16px&#8221; button_text_color=&#8221;#333333&#8243; button_bg_color=&#8221;RGBA(255,255,255,0)&#8221; button_border_color=&#8221;#CD0B79&#8243; button_border_radius=&#8221;50px&#8221; button_icon=&#8221;&#x24;||divi||400&#8243; button_icon_color=&#8221;#CD0B79&#8243; button_on_hover=&#8221;off&#8221; animation_style=&#8221;slide&#8221; animation_direction=&#8221;left&#8221; global_colors_info=&#8221;{}&#8221;][\/et_pb_button][\/et_pb_column][et_pb_column type=&#8221;3_5&#8243; _builder_version=&#8221;4.25.2&#8243; _module_preset=&#8221;default&#8221; global_colors_info=&#8221;{}&#8221;][et_pb_text _builder_version=&#8221;4.25.2&#8243; _module_preset=&#8221;default&#8221; width=&#8221;85%&#8221; width_tablet=&#8221;100%&#8221; width_phone=&#8221;100%&#8221; width_last_edited=&#8221;on|phone&#8221; global_colors_info=&#8221;{}&#8221;][\/et_pb_text][et_pb_text _builder_version=&#8221;4.25.2&#8243; _module_preset=&#8221;default&#8221; width=&#8221;85%&#8221; width_tablet=&#8221;100%&#8221; width_phone=&#8221;100%&#8221; width_last_edited=&#8221;on|phone&#8221; global_colors_info=&#8221;{}&#8221;]<\/p>\n<p>Des de Oreka IT t&#8217;ajudem a tenir un <strong>complet control sobre el ciclo d&#8217;aprovisionament<\/strong> de la teva empresa. Utilitzant eines avan\u00e7ades de gesti\u00f3 de materials, com <strong>SAP Material Management<\/strong>, us oferim la capacitat de gestionar de manera eficient les vostres necessitats d&#8217;aprovisionament. A m\u00e9s, podem realitzar una <strong>avaluaci\u00f3 detallada de prove\u00efdors<\/strong>, permetent seleccionar el m\u00e9s adequat segons els seus temps de lliurament, qualitat de productes i altres criteris clau, optimitzant aix\u00ed tot el teu proc\u00e9s d&#8217;adquisici\u00f3 i assegurant un flux de treball m\u00e9s \u00e0gil i rendible.  <\/p>\n<p>[\/et_pb_text][\/et_pb_column][\/et_pb_row][\/et_pb_section][et_pb_section fb_built=&#8221;1&#8243; disabled_on=&#8221;off|off|off&#8221; admin_label=&#8221;caracteristicas&#8221; module_id=&#8221;sub-areas&#8221; _builder_version=&#8221;4.25.2&#8243; _module_preset=&#8221;default&#8221; custom_margin=&#8221;20px||||false|false&#8221; custom_padding=&#8221;0px||||false|false&#8221; global_colors_info=&#8221;{}&#8221;][et_pb_row column_structure=&#8221;1_2,1_2&#8243; _builder_version=&#8221;4.25.2&#8243; _module_preset=&#8221;default&#8221; global_colors_info=&#8221;{}&#8221;][et_pb_column type=&#8221;1_2&#8243; _builder_version=&#8221;4.25.2&#8243; _module_preset=&#8221;default&#8221; custom_padding=&#8221;|12%||0px|false|false&#8221; custom_padding_tablet=&#8221;|6%|||false|false&#8221; custom_padding_phone=&#8221;|0%||0px|false|false&#8221; custom_padding_last_edited=&#8221;on|phone&#8221; global_colors_info=&#8221;{}&#8221;][et_pb_blurb image_icon_background_color=&#8221;RGBA(255,255,255,0)&#8221; image=&#8221;https:\/\/orekait.com\/wp-content\/uploads\/2024\/10\/btn-berde-flecha.png&#8221; alt=&#8221;btn-berde-flecha&#8221; icon_placement=&#8221;left&#8221; image_icon_width=&#8221;55px&#8221; content_max_width_tablet=&#8221;100%&#8221; content_max_width_phone=&#8221;100%&#8221; content_max_width_last_edited=&#8221;on|phone&#8221; _builder_version=&#8221;4.25.2&#8243; _module_preset=&#8221;default&#8221; global_colors_info=&#8221;{}&#8221;]<\/p>\n<p>Mitjan\u00e7ant l&#8217;\u00fas d&#8217;aquestes eines<strong>es poden afegir capes de verificaci\u00f3 a la creaci\u00f3 de les comandes<\/strong>, incloent estrat\u00e8gies d&#8217;alliberament, o reportis que mantinguin informats a certs usuaris de les compres que es decideixin.<\/p>\n<p>[\/et_pb_blurb][et_pb_divider show_divider=&#8221;off&#8221; disabled_on=&#8221;on|on|off&#8221; _builder_version=&#8221;4.25.2&#8243; _module_preset=&#8221;default&#8221; custom_margin=&#8221;60px||||false|false&#8221; global_colors_info=&#8221;{}&#8221;][\/et_pb_divider][et_pb_blurb image_icon_background_color=&#8221;RGBA(255,255,255,0)&#8221; image=&#8221;https:\/\/orekait.com\/wp-content\/uploads\/2024\/10\/btn-berde-flecha.png&#8221; alt=&#8221;btn-berde-flecha&#8221; icon_placement=&#8221;left&#8221; image_icon_width=&#8221;55px&#8221; content_max_width_tablet=&#8221;100%&#8221; content_max_width_phone=&#8221;100%&#8221; content_max_width_last_edited=&#8221;on|phone&#8221; _builder_version=&#8221;4.25.2&#8243; _module_preset=&#8221;default&#8221; global_colors_info=&#8221;{}&#8221;]<\/p>\n<p>Un cop acordats terminis i condicions d&#8217;entrega, entre altres, <strong>es pot fer seguiment de l&#8217;estatus de cada comanda<\/strong>, mitjan\u00e7ant les diferents eines de reporting.<\/p>\n<p>[\/et_pb_blurb][et_pb_divider show_divider=&#8221;off&#8221; disabled_on=&#8221;on|on|off&#8221; _builder_version=&#8221;4.25.2&#8243; _module_preset=&#8221;default&#8221; custom_margin=&#8221;60px||||false|false&#8221; global_colors_info=&#8221;{}&#8221;][\/et_pb_divider][\/et_pb_column][et_pb_column type=&#8221;1_2&#8243; _builder_version=&#8221;4.25.2&#8243; _module_preset=&#8221;default&#8221; custom_padding=&#8221;|12%||0px|false|false&#8221; custom_padding_tablet=&#8221;&#8221; custom_padding_phone=&#8221;|0%|||false|false&#8221; custom_padding_last_edited=&#8221;on|phone&#8221; global_colors_info=&#8221;{}&#8221;][et_pb_blurb image_icon_background_color=&#8221;RGBA(255,255,255,0)&#8221; image=&#8221;https:\/\/orekait.com\/wp-content\/uploads\/2024\/10\/btn-berde-flecha.png&#8221; alt=&#8221;btn-berde-flecha&#8221; icon_placement=&#8221;left&#8221; image_icon_width=&#8221;55px&#8221; content_max_width_tablet=&#8221;100%&#8221; content_max_width_phone=&#8221;100%&#8221; content_max_width_last_edited=&#8221;on|phone&#8221; _builder_version=&#8221;4.25.2&#8243; _module_preset=&#8221;default&#8221; global_colors_info=&#8221;{}&#8221;]<\/p>\n<p>La gesti\u00f3 de l&#8217;entrada de mercaderies i la documentaci\u00f3 pot ser costosa. Per aix\u00f2, a <strong>Oreka IT oferim solucions a SAP que optimitzen aquest proc\u00e9s, reduint temps i costos.<\/strong> <\/p>\n<p>[\/et_pb_blurb][et_pb_divider show_divider=&#8221;off&#8221; disabled_on=&#8221;on|on|off&#8221; _builder_version=&#8221;4.25.2&#8243; _module_preset=&#8221;default&#8221; custom_margin=&#8221;60px||||false|false&#8221; global_colors_info=&#8221;{}&#8221;][\/et_pb_divider][et_pb_blurb image_icon_background_color=&#8221;RGBA(255,255,255,0)&#8221; image=&#8221;https:\/\/orekait.com\/wp-content\/uploads\/2024\/10\/btn-berde-flecha.png&#8221; alt=&#8221;btn-berde-flecha&#8221; icon_placement=&#8221;left&#8221; image_icon_width=&#8221;55px&#8221; content_max_width_tablet=&#8221;100%&#8221; content_max_width_phone=&#8221;100%&#8221; content_max_width_last_edited=&#8221;on|phone&#8221; _builder_version=&#8221;4.25.2&#8243; _module_preset=&#8221;default&#8221; global_colors_info=&#8221;{}&#8221;]<\/p>\n<p>A m\u00e9s, comptem amb una s\u00e8rie de productes propis que <strong>faciliten la tasca di\u00e0ria de les persones al magatzem<\/strong>, millorant l&#8217;efici\u00e8ncia i la precisi\u00f3 en la gesti\u00f3 d&#8217;inventaris i recepci\u00f3 de mercaderies.<\/p>\n<p>[\/et_pb_blurb][\/et_pb_column][\/et_pb_row][\/et_pb_section][et_pb_section fb_built=&#8221;1&#8243; admin_label=&#8221;soluciones oreka it&#8221; module_id=&#8221;productes&#8221; _builder_version=&#8221;4.25.2&#8243; _module_preset=&#8221;default&#8221; custom_margin=&#8221;0px||0px||false|false&#8221; custom_padding=&#8221;0px||0px||false|false&#8221; global_colors_info=&#8221;{}&#8221;][et_pb_row _builder_version=&#8221;4.25.2&#8243; _module_preset=&#8221;default&#8221; global_colors_info=&#8221;{}&#8221;][et_pb_column type=&#8221;4_4&#8243; _builder_version=&#8221;4.25.2&#8243; _module_preset=&#8221;default&#8221; global_colors_info=&#8221;{}&#8221;][et_pb_text admin_label=&#8221;Texto&#8221; _builder_version=&#8221;4.25.2&#8243; _module_preset=&#8221;default&#8221; width=&#8221;60%&#8221; width_tablet=&#8221;100%&#8221; width_phone=&#8221;100%&#8221; width_last_edited=&#8221;on|phone&#8221; global_colors_info=&#8221;{}&#8221;]<\/p>\n<h2>Solucions per a teva empresa<\/h2>\n<p>Descobreix com podem adaptar-nos a les necessitats del teu negoci a trav\u00e9s del nostre coneixement, experi\u00e8ncia al teu sector i producte propi desenvolupat a Oreka IT.<\/p>\n<p>[\/et_pb_text][\/et_pb_column][\/et_pb_row][et_pb_row column_structure=&#8221;1_3,1_3,1_3&#8243; make_equal=&#8221;on&#8221; _builder_version=&#8221;4.25.2&#8243; _module_preset=&#8221;default&#8221; animation_style=&#8221;slide&#8221; animation_direction=&#8221;bottom&#8221; global_colors_info=&#8221;{}&#8221;][et_pb_column type=&#8221;1_3&#8243; _builder_version=&#8221;4.25.2&#8243; _module_preset=&#8221;default&#8221; background_color=&#8221;#f6f6f6&#8243; custom_padding=&#8221;6%|4%|6%|4%|true|true&#8221; border_radii=&#8221;on|15px|15px|15px|15px&#8221; border_width_all=&#8221;1px&#8221; border_color_all=&#8221;#f6f6f6&#8243; global_colors_info=&#8221;{}&#8221;][et_pb_text _builder_version=&#8221;4.25.2&#8243; _module_preset=&#8221;default&#8221; header_line_height=&#8221;30px&#8221; global_colors_info=&#8221;{}&#8221;]<\/p>\n<h3 style=\"line-height: 30px;\">Radiofrecuencia ITSmobile<\/h3>\n<p>Aquesta tecnologia permet que qualsevol dispositiu m\u00f2bil es connecti amb SAP ECC i suporti de manera eficient tasques de captura de dades.<\/p>\n<p>[\/et_pb_text][et_pb_button button_url=&#8221;https:\/\/orekait.com\/ca\/producte-embegut-per-a-sap-s-4hana\/radiofrecuencia\/&#8221; button_text=&#8221;Veure soluci\u00f3&#8221; module_class=&#8221;btn-flecha&#8221; _builder_version=&#8221;4.25.2&#8243; _module_preset=&#8221;default&#8221; custom_button=&#8221;on&#8221; button_text_size=&#8221;16px&#8221; button_text_color=&#8221;#333333&#8243; button_bg_color=&#8221;RGBA(255,255,255,0)&#8221; button_border_color=&#8221;#CD0B79&#8243; button_border_radius=&#8221;50px&#8221; button_icon=&#8221;&#x24;||divi||400&#8243; button_icon_color=&#8221;#CD0B79&#8243; button_on_hover=&#8221;off&#8221; global_colors_info=&#8221;{}&#8221;][\/et_pb_button][\/et_pb_column][et_pb_column type=&#8221;1_3&#8243; _builder_version=&#8221;4.25.2&#8243; _module_preset=&#8221;default&#8221; background_color=&#8221;#f6f6f6&#8243; custom_padding=&#8221;6%|4%|6%|4%|true|true&#8221; border_radii=&#8221;on|15px|15px|15px|15px&#8221; border_width_all=&#8221;1px&#8221; border_color_all=&#8221;#f6f6f6&#8243; global_colors_info=&#8221;{}&#8221;][et_pb_text _builder_version=&#8221;4.25.2&#8243; _module_preset=&#8221;default&#8221; header_line_height=&#8221;30px&#8221; global_colors_info=&#8221;{}&#8221;]<\/p>\n<h3 style=\"line-height: 30px;\">OLAIA<\/h3>\n<p>Assistent d&#8217;Intel\u00b7lig\u00e8ncia Artificial (IA) per a la cerca intel\u00b7ligent d&#8217;informaci\u00f3 mitjan\u00e7ant conversa natural.<\/p>\n<p>[\/et_pb_text][et_pb_button button_url=&#8221;https:\/\/orekait.com\/ca\/producte-autonom\/olaia-%c2%b7-assistent-dintelligencia-artificial-ia\/&#8221; button_text=&#8221;Veure soluci\u00f3&#8221; module_class=&#8221;btn-flecha&#8221; _builder_version=&#8221;4.25.2&#8243; _module_preset=&#8221;default&#8221; custom_button=&#8221;on&#8221; button_text_size=&#8221;16px&#8221; button_text_color=&#8221;#333333&#8243; button_bg_color=&#8221;RGBA(255,255,255,0)&#8221; button_border_color=&#8221;#CD0B79&#8243; button_border_radius=&#8221;50px&#8221; button_icon=&#8221;&#x24;||divi||400&#8243; button_icon_color=&#8221;#CD0B79&#8243; button_on_hover=&#8221;off&#8221; global_colors_info=&#8221;{}&#8221;][\/et_pb_button][\/et_pb_column][et_pb_column type=&#8221;1_3&#8243; _builder_version=&#8221;4.25.2&#8243; _module_preset=&#8221;default&#8221; background_color=&#8221;#f6f6f6&#8243; custom_padding=&#8221;6%|4%|6%|4%|true|true&#8221; border_radii=&#8221;on|15px|15px|15px|15px&#8221; border_width_all=&#8221;1px&#8221; border_color_all=&#8221;#f6f6f6&#8243; global_colors_info=&#8221;{}&#8221;][et_pb_text _builder_version=&#8221;4.25.2&#8243; _module_preset=&#8221;default&#8221; header_line_height=&#8221;30px&#8221; global_colors_info=&#8221;{}&#8221;]<\/p>\n<h3 style=\"line-height: 30px;\">KELVIN \u00b7 Sistema MES<\/h3>\n<p>La soluci\u00f3 MES que permet la monitoritzaci\u00f3 d&#8217;entorns productius, integrant dades en temps real des de la planta industrial a l&#8217;ERP<\/p>\n<p>[\/et_pb_text][et_pb_button button_url=&#8221;https:\/\/orekait.com\/ca\/producte-autonom\/kelvin-%c2%b7-sistema-mes-per-a-entorns-productius\/&#8221; button_text=&#8221;Veure soluci\u00f3&#8221; module_class=&#8221;btn-flecha&#8221; _builder_version=&#8221;4.25.2&#8243; _module_preset=&#8221;default&#8221; custom_button=&#8221;on&#8221; button_text_size=&#8221;16px&#8221; button_text_color=&#8221;#333333&#8243; button_bg_color=&#8221;RGBA(255,255,255,0)&#8221; button_border_color=&#8221;#CD0B79&#8243; button_border_radius=&#8221;50px&#8221; button_font=&#8221;|600|||||||&#8221; button_icon=&#8221;&#x24;||divi||400&#8243; button_icon_color=&#8221;#CD0B79&#8243; button_on_hover=&#8221;off&#8221; global_colors_info=&#8221;{}&#8221;][\/et_pb_button][\/et_pb_column][\/et_pb_row][\/et_pb_section][et_pb_section fb_built=&#8221;1&#8243; admin_label=&#8221;solicita demo&#8221; _builder_version=&#8221;4.25.2&#8243; _module_preset=&#8221;default&#8221; global_colors_info=&#8221;{}&#8221;][et_pb_row column_structure=&#8221;2_5,3_5&#8243; use_custom_gutter=&#8221;on&#8221; _builder_version=&#8221;4.25.2&#8243; _module_preset=&#8221;default&#8221; background_color=&#8221;#f6f6f6&#8243; background_image=&#8221;https:\/\/orekait.com\/wp-content\/uploads\/2024\/10\/fondo-banner-equioo-sin-fondo.png&#8221; width=&#8221;90%&#8221; custom_padding=&#8221;6%|6%|6%|6%|true|true&#8221; background_last_edited=&#8221;on|desktop&#8221; background_enable_image_tablet=&#8221;off&#8221; border_radii=&#8221;on|15px|15px|15px|15px&#8221; border_width_all=&#8221;1px&#8221; border_color_all=&#8221;#f6f6f6&#8243; global_colors_info=&#8221;{}&#8221;][et_pb_column type=&#8221;2_5&#8243; _builder_version=&#8221;4.25.2&#8243; _module_preset=&#8221;default&#8221; global_colors_info=&#8221;{}&#8221;][et_pb_text _builder_version=&#8221;4.25.2&#8243; _module_preset=&#8221;default&#8221; global_colors_info=&#8221;{}&#8221;]<\/p>\n<h2 class=\"size-36\">Demana el teu demo<\/h2>\n<p>Descobreix com les nostres solucions poden transformar el teu negoci! Agenda una demostraci\u00f3 i els nostres experts us guiaran per con\u00e8ixer en detall el producte que m\u00e9s us interessi. <\/p>\n<p>[\/et_pb_text][et_pb_button button_url=&#8221;https:\/\/orekait.com\/ca\/demana-mes-informacio-o-sollicita-una-demo\/&#8221; url_new_window=&#8221;on&#8221; button_text=&#8221;Demana el teu demo&#8221; module_class=&#8221;btn-flecha white&#8221; _builder_version=&#8221;4.25.2&#8243; _module_preset=&#8221;default&#8221; custom_button=&#8221;on&#8221; button_text_size=&#8221;16px&#8221; button_text_color=&#8221;#333333&#8243; button_bg_color=&#8221;#CD0B79&#8243; button_border_color=&#8221;#CD0B79&#8243; button_border_radius=&#8221;50px&#8221; button_icon=&#8221;&#x24;||divi||400&#8243; button_icon_color=&#8221;#ffffff&#8221; button_on_hover=&#8221;off&#8221; animation_style=&#8221;slide&#8221; animation_direction=&#8221;left&#8221; global_colors_info=&#8221;{}&#8221;][\/et_pb_button][\/et_pb_column][et_pb_column type=&#8221;3_5&#8243; _builder_version=&#8221;4.25.2&#8243; _module_preset=&#8221;default&#8221; global_colors_info=&#8221;{}&#8221;][\/et_pb_column][\/et_pb_row][\/et_pb_section][et_pb_section fb_built=&#8221;1&#8243; admin_label=&#8221;faqs&#8221; module_id=&#8221;faqs&#8221; _builder_version=&#8221;4.25.2&#8243; _module_preset=&#8221;default&#8221; custom_margin=&#8221;0px||||false|false&#8221; custom_padding=&#8221;0px||||false|false&#8221; global_colors_info=&#8221;{}&#8221;][et_pb_row _builder_version=&#8221;4.25.2&#8243; _module_preset=&#8221;default&#8221; width=&#8221;60%&#8221; width_tablet=&#8221;80%&#8221; width_phone=&#8221;80%&#8221; width_last_edited=&#8221;on|desktop&#8221; global_colors_info=&#8221;{}&#8221;][et_pb_column type=&#8221;4_4&#8243; _builder_version=&#8221;4.25.2&#8243; _module_preset=&#8221;default&#8221; global_colors_info=&#8221;{}&#8221;][et_pb_text _builder_version=&#8221;4.25.2&#8243; _module_preset=&#8221;default&#8221; text_orientation=&#8221;center&#8221; global_colors_info=&#8221;{}&#8221;]<\/p>\n<h2 class=\"size-36\">FAQ\u00b4S<\/h2>\n<p>[\/et_pb_text][et_pb_accordion open_toggle_background_color=&#8221;RGBA(255,255,255,0)&#8221; closed_toggle_background_color=&#8221;RGBA(255,255,255,0)&#8221; icon_color=&#8221;#00E1BB&#8221; use_icon_font_size=&#8221;on&#8221; icon_font_size=&#8221;30px&#8221; _builder_version=&#8221;4.25.2&#8243; _module_preset=&#8221;default&#8221; scroll_fade_enable=&#8221;on&#8221; border_width_all=&#8221;2px&#8221; border_color_all=&#8221;#00E1BB&#8221; global_colors_info=&#8221;{}&#8221;][et_pb_accordion_item title=&#8221;Quin paper t\u00e9 la gesti\u00f3 de compres a la cadena de subministrament?&#8221; open=&#8221;on&#8221; _builder_version=&#8221;4.25.2&#8243; _module_preset=&#8221;default&#8221; global_colors_info=&#8221;{}&#8221;]<\/p>\n<p>La gesti\u00f3 de compres t\u00e9 un paper molt rellevant a la cadena de subministraments perqu\u00e8 desenvolupa les relacions amb els prove\u00efdors, adequa els preus i t\u00e9 la gesti\u00f3 i el control dels inventaris de materials.<\/p>\n<p>[\/et_pb_accordion_item][et_pb_accordion_item title=&#8221;\u00bfQuin ERP de gesti\u00f3 de compres hi ha?&#8221; _builder_version=&#8221;4.25.2&#8243; _module_preset=&#8221;default&#8221; global_colors_info=&#8221;{}&#8221; open=&#8221;off&#8221;]<\/p>\n<p>SAP S\/4HANA disposa del m\u00f2dul de MM (Material Management) per a la gesti\u00f3 de compres.<\/p>\n<p>[\/et_pb_accordion_item][et_pb_accordion_item title=&#8221;\u00bfQuina difer\u00e8ncia hi ha entre aprovisionament i compres?&#8221; _builder_version=&#8221;4.25.2&#8243; _module_preset=&#8221;default&#8221; global_colors_info=&#8221;{}&#8221; open=&#8221;off&#8221;]<\/p>\n<p>L&#8217;aprovisionament consisteix a comprar els productes directament, tenint en compte tasques com fer comandes, els pagaments i alleugerir els processos de compra. Les compres es divideixen en tasques com ara detectar les necessitats, el subministrament i el tancament de contractes. <\/p>\n<p>[\/et_pb_accordion_item][\/et_pb_accordion][\/et_pb_column][\/et_pb_row][\/et_pb_section]<\/p>\n","protected":false},"excerpt":{"rendered":"<p>LOG\u00cdSTICA I MAGATZEMGesti\u00f3 de compresDes de Oreka IT t&#8217;ajudem a tenir un complet control sobre el ciclo d&#8217;aprovisionament de la teva empresa. Utilitzant eines avan\u00e7ades de gesti\u00f3 de materials, com SAP Material Management, us oferim la capacitat de gestionar de manera eficient les vostres necessitats d&#8217;aprovisionament. A m\u00e9s, podem realitzar una avaluaci\u00f3 detallada de prove\u00efdors, [&hellip;]<\/p>\n","protected":false},"author":2,"featured_media":16713,"parent":27090,"menu_order":0,"comment_status":"closed","ping_status":"closed","template":"","meta":{"_et_pb_use_builder":"on","_et_pb_old_content":"","_et_gb_content_width":"","footnotes":""},"class_list":["post-27094","page","type-page","status-publish","has-post-thumbnail","hentry"],"_links":{"self":[{"href":"https:\/\/orekait.com\/ca\/wp-json\/wp\/v2\/pages\/27094","targetHints":{"allow":["GET"]}}],"collection":[{"href":"https:\/\/orekait.com\/ca\/wp-json\/wp\/v2\/pages"}],"about":[{"href":"https:\/\/orekait.com\/ca\/wp-json\/wp\/v2\/types\/page"}],"author":[{"embeddable":true,"href":"https:\/\/orekait.com\/ca\/wp-json\/wp\/v2\/users\/2"}],"replies":[{"embeddable":true,"href":"https:\/\/orekait.com\/ca\/wp-json\/wp\/v2\/comments?post=27094"}],"version-history":[{"count":8,"href":"https:\/\/orekait.com\/ca\/wp-json\/wp\/v2\/pages\/27094\/revisions"}],"predecessor-version":[{"id":35139,"href":"https:\/\/orekait.com\/ca\/wp-json\/wp\/v2\/pages\/27094\/revisions\/35139"}],"up":[{"embeddable":true,"href":"https:\/\/orekait.com\/ca\/wp-json\/wp\/v2\/pages\/27090"}],"wp:featuredmedia":[{"embeddable":true,"href":"https:\/\/orekait.com\/ca\/wp-json\/wp\/v2\/media\/16713"}],"wp:attachment":[{"href":"https:\/\/orekait.com\/ca\/wp-json\/wp\/v2\/media?parent=27094"}],"curies":[{"name":"wp","href":"https:\/\/api.w.org\/{rel}","templated":true}]}}