{"id":27018,"date":"2024-11-26T10:31:00","date_gmt":"2024-11-26T09:31:00","guid":{"rendered":"http:\/\/192.168.20.3\/area-de-coneixement-finances\/gestio-tributaria\/"},"modified":"2025-07-17T10:23:41","modified_gmt":"2025-07-17T08:23:41","slug":"gestio-tributaria","status":"publish","type":"page","link":"https:\/\/orekait.com\/ca\/area-finances\/gestio-tributaria\/","title":{"rendered":"Gesti\u00f3 tribut\u00e0ria"},"content":{"rendered":"<p>[et_pb_section fb_built=&#8221;1&#8243; admin_label=&#8221;imagen slide&#8221; _builder_version=&#8221;4.25.2&#8243; _module_preset=&#8221;default&#8221; background_image=&#8221;https:\/\/orekait.com\/wp-content\/uploads\/2024\/11\/finanzas.png&#8221; custom_padding=&#8221;3%||3%||true|false&#8221; global_colors_info=&#8221;{}&#8221;][et_pb_row _builder_version=&#8221;4.25.2&#8243; _module_preset=&#8221;default&#8221; global_colors_info=&#8221;{}&#8221;][et_pb_column type=&#8221;4_4&#8243; _builder_version=&#8221;4.25.2&#8243; _module_preset=&#8221;default&#8221; global_colors_info=&#8221;{}&#8221;][\/et_pb_column][\/et_pb_row][\/et_pb_section][et_pb_section fb_built=&#8221;1&#8243; admin_label=&#8221;informacion general&#8221; _builder_version=&#8221;4.25.2&#8243; _module_preset=&#8221;default&#8221; custom_margin=&#8221;0px||0px||false|false&#8221; custom_padding=&#8221;2%||2%||true|false&#8221; global_colors_info=&#8221;{}&#8221;][et_pb_row column_structure=&#8221;2_5,3_5&#8243; use_custom_gutter=&#8221;on&#8221; _builder_version=&#8221;4.25.2&#8243; _module_preset=&#8221;default&#8221; width=&#8221;90%&#8221; global_colors_info=&#8221;{}&#8221;][et_pb_column type=&#8221;2_5&#8243; _builder_version=&#8221;4.25.2&#8243; _module_preset=&#8221;default&#8221; global_colors_info=&#8221;{}&#8221;][et_pb_text admin_label=&#8221;Texto&#8221; _builder_version=&#8221;4.25.2&#8243; _module_preset=&#8221;default&#8221; text_font=&#8221;|300|||||||&#8221; custom_margin=&#8221;||10px||false|false&#8221; custom_padding=&#8221;||0px||false|false&#8221; global_colors_info=&#8221;{}&#8221;]<\/p>\n<h1 class=\"area\">FINANCES<\/h1>\n<p>[\/et_pb_text][et_pb_text admin_label=&#8221;Texto&#8221; _builder_version=&#8221;4.25.2&#8243; _module_preset=&#8221;default&#8221; header_font_size=&#8221;45px&#8221; header_line_height=&#8221;55px&#8221; custom_margin=&#8221;||10px||false|false&#8221; custom_padding=&#8221;||0px||false|false&#8221; global_colors_info=&#8221;{}&#8221;]<\/p>\n<h2 class=\"size-36\">Gesti\u00f3 tribut\u00e0ria<\/h2>\n<p>[\/et_pb_text][et_pb_divider show_divider=&#8221;off&#8221; _builder_version=&#8221;4.25.2&#8243; _module_preset=&#8221;default&#8221; custom_margin=&#8221;20px||||false|false&#8221; global_colors_info=&#8221;{}&#8221;][\/et_pb_divider][et_pb_button button_url=&#8221;https:\/\/orekait.com\/ca\/demana-mes-informacio-o-sollicita-una-demo\/&#8221; url_new_window=&#8221;on&#8221; button_text=&#8221;Vull saber-ne m\u00e9s&#8221; module_class=&#8221;btn-flecha&#8221; _builder_version=&#8221;4.25.2&#8243; _module_preset=&#8221;default&#8221; custom_button=&#8221;on&#8221; button_text_size=&#8221;16px&#8221; button_text_color=&#8221;#333333&#8243; button_bg_color=&#8221;RGBA(255,255,255,0)&#8221; button_border_color=&#8221;#CD0B79&#8243; button_border_radius=&#8221;50px&#8221; button_icon=&#8221;&#x24;||divi||400&#8243; button_icon_color=&#8221;#CD0B79&#8243; button_on_hover=&#8221;off&#8221; animation_style=&#8221;slide&#8221; animation_direction=&#8221;left&#8221; global_colors_info=&#8221;{}&#8221;][\/et_pb_button][\/et_pb_column][et_pb_column type=&#8221;3_5&#8243; _builder_version=&#8221;4.25.2&#8243; _module_preset=&#8221;default&#8221; global_colors_info=&#8221;{}&#8221;][et_pb_divider show_divider=&#8221;off&#8221; _builder_version=&#8221;4.25.2&#8243; _module_preset=&#8221;default&#8221; custom_margin=&#8221;30px||||false|false&#8221; global_colors_info=&#8221;{}&#8221;][\/et_pb_divider][et_pb_text _builder_version=&#8221;4.25.2&#8243; _module_preset=&#8221;default&#8221; width=&#8221;85%&#8221; width_tablet=&#8221;100%&#8221; width_phone=&#8221;100%&#8221; width_last_edited=&#8221;on|phone&#8221; global_colors_info=&#8221;{}&#8221;]<\/p>\n<p>A Oreka IT som experts en solucions de gesti\u00f3 tribut\u00e0ria i comunicaci\u00f3 autom\u00e0tica amb les administracions p\u00fabliques. Comptem amb <strong>solucions pr\u00f2pies per al Subministrament Immediat d&#8217;Informaci\u00f3 SII de l&#8217;IVA, TicketBAI, Bizkaia BATUZ, Llibre d&#8217;Operacions en Consigna i Impost del Pl\u00e0stic, <\/strong>, i adeq\u00fcem els sistemes a la Facturaci\u00f3 Electr\u00f2nica B2B o amb Administracions. A m\u00e9s, facilitem la tramitaci\u00f3 dels diferents models tributaris <strong>(303, 390, 349, 347, 110, 190, etc.)<\/strong> directament des de SAP.  <\/p>\n<p>[\/et_pb_text][\/et_pb_column][\/et_pb_row][\/et_pb_section][et_pb_section fb_built=&#8221;1&#8243; disabled_on=&#8221;on|on|on&#8221; admin_label=&#8221;caracteristicas&#8221; module_id=&#8221;sub-areas&#8221; _builder_version=&#8221;4.25.2&#8243; _module_preset=&#8221;default&#8221; custom_margin=&#8221;20px||||false|false&#8221; custom_padding=&#8221;0px||||false|false&#8221; disabled=&#8221;on&#8221; global_colors_info=&#8221;{}&#8221; collapsed=&#8221;on&#8221;][et_pb_row column_structure=&#8221;1_2,1_2&#8243; _builder_version=&#8221;4.25.2&#8243; _module_preset=&#8221;default&#8221; global_colors_info=&#8221;{}&#8221;][et_pb_column type=&#8221;1_2&#8243; _builder_version=&#8221;4.25.2&#8243; _module_preset=&#8221;default&#8221; custom_padding=&#8221;|12%||0px|false|false&#8221; custom_padding_tablet=&#8221;|6%|||false|false&#8221; custom_padding_phone=&#8221;|0%||0px|false|false&#8221; custom_padding_last_edited=&#8221;on|phone&#8221; global_colors_info=&#8221;{}&#8221;][et_pb_blurb image_icon_background_color=&#8221;RGBA(255,255,255,0)&#8221; image=&#8221;https:\/\/orekait.com\/wp-content\/uploads\/2024\/10\/btn-berde-flecha.png&#8221; alt=&#8221;btn-berde-flecha&#8221; icon_placement=&#8221;left&#8221; image_icon_width=&#8221;55px&#8221; _builder_version=&#8221;4.25.2&#8243; _module_preset=&#8221;default&#8221; global_colors_info=&#8221;{}&#8221;]<\/p>\n<p><strong>SAP Treasury and Risk Management (FIN-FSCM-TRM)<\/strong><br \/>Gestiona i avalua les transaccions financeres de les empreses i els riscos associats. .<\/p>\n<p>[\/et_pb_blurb][et_pb_divider show_divider=&#8221;off&#8221; _builder_version=&#8221;4.25.2&#8243; _module_preset=&#8221;default&#8221; custom_margin=&#8221;60px||||false|false&#8221; global_colors_info=&#8221;{}&#8221;][\/et_pb_divider][et_pb_blurb image_icon_background_color=&#8221;RGBA(255,255,255,0)&#8221; image=&#8221;https:\/\/orekait.com\/wp-content\/uploads\/2024\/10\/btn-berde-flecha.png&#8221; alt=&#8221;btn-berde-flecha&#8221; icon_placement=&#8221;left&#8221; image_icon_width=&#8221;55px&#8221; _builder_version=&#8221;4.25.2&#8243; _module_preset=&#8221;default&#8221; global_colors_info=&#8221;{}&#8221;]<\/p>\n<p><strong>SAP Biller Direct (FIN-FSCM-BD)<\/strong><br \/>On les empreses permeten als seus clients pagar factures en l\u00ednia.<\/p>\n<p>[\/et_pb_blurb][et_pb_divider show_divider=&#8221;off&#8221; _builder_version=&#8221;4.25.2&#8243; _module_preset=&#8221;default&#8221; custom_margin=&#8221;60px||||false|false&#8221; global_colors_info=&#8221;{}&#8221;][\/et_pb_divider][et_pb_blurb image_icon_background_color=&#8221;RGBA(255,255,255,0)&#8221; image=&#8221;https:\/\/orekait.com\/wp-content\/uploads\/2024\/10\/btn-berde-flecha.png&#8221; alt=&#8221;btn-berde-flecha&#8221; icon_placement=&#8221;left&#8221; image_icon_width=&#8221;55px&#8221; _builder_version=&#8221;4.25.2&#8243; _module_preset=&#8221;default&#8221; global_colors_info=&#8221;{}&#8221;]<\/p>\n<p><strong>SAP Cash and Liquidity Management (FIN-FSCM-CLM)<\/strong> <br \/>Monitoritza els fluxos de caixa de les empreses recolza els responsables de la presa de decisions corporatives en la planificaci\u00f3 financera.<\/p>\n<p>[\/et_pb_blurb][et_pb_divider show_divider=&#8221;off&#8221; _builder_version=&#8221;4.25.2&#8243; _module_preset=&#8221;default&#8221; custom_margin=&#8221;60px||||false|false&#8221; global_colors_info=&#8221;{}&#8221;][\/et_pb_divider][et_pb_blurb image_icon_background_color=&#8221;RGBA(255,255,255,0)&#8221; image=&#8221;https:\/\/orekait.com\/wp-content\/uploads\/2024\/10\/btn-berde-flecha.png&#8221; alt=&#8221;btn-berde-flecha&#8221; icon_placement=&#8221;left&#8221; image_icon_width=&#8221;55px&#8221; _builder_version=&#8221;4.25.2&#8243; _module_preset=&#8221;default&#8221; global_colors_info=&#8221;{}&#8221;]<\/p>\n<p><strong>SAP Collections Management (FIN-FSCM-COL)<\/strong><br \/>Les estrat\u00e8gies de cobrament s&#8217;utilitzen per avaluar i prioritzar els clients des d&#8217;una perspectiva de gesti\u00f3 de comptes per cobrar.<\/p>\n<p>[\/et_pb_blurb][\/et_pb_column][et_pb_column type=&#8221;1_2&#8243; _builder_version=&#8221;4.25.2&#8243; _module_preset=&#8221;default&#8221; custom_padding=&#8221;|12%||0px|false|false&#8221; custom_padding_tablet=&#8221;&#8221; custom_padding_phone=&#8221;|0%|||false|false&#8221; custom_padding_last_edited=&#8221;on|phone&#8221; global_colors_info=&#8221;{}&#8221;][et_pb_blurb image_icon_background_color=&#8221;RGBA(255,255,255,0)&#8221; image=&#8221;https:\/\/orekait.com\/wp-content\/uploads\/2024\/10\/btn-berde-flecha.png&#8221; alt=&#8221;btn-berde-flecha&#8221; icon_placement=&#8221;left&#8221; image_icon_width=&#8221;55px&#8221; _builder_version=&#8221;4.25.2&#8243; _module_preset=&#8221;default&#8221; global_colors_info=&#8221;{}&#8221;]<\/p>\n<p><strong>SAP Credit Management (FIN-FSCM-CR)<\/strong><br \/>Ajuda la seva empresa a determinar el risc i la presa de decisions de cr\u00e8dit de manera eficient.<\/p>\n<p>[\/et_pb_blurb][et_pb_divider show_divider=&#8221;off&#8221; _builder_version=&#8221;4.25.2&#8243; _module_preset=&#8221;default&#8221; custom_margin=&#8221;60px||||false|false&#8221; global_colors_info=&#8221;{}&#8221;][\/et_pb_divider][et_pb_blurb image_icon_background_color=&#8221;RGBA(255,255,255,0)&#8221; image=&#8221;https:\/\/orekait.com\/wp-content\/uploads\/2024\/10\/btn-berde-flecha.png&#8221; alt=&#8221;btn-berde-flecha&#8221; icon_placement=&#8221;left&#8221; image_icon_width=&#8221;55px&#8221; _builder_version=&#8221;4.25.2&#8243; _module_preset=&#8221;default&#8221; global_colors_info=&#8221;{}&#8221;]<\/p>\n<p><strong>SAP Dispute Management (FIN-FSCM-DM)<\/strong><br \/>Cont\u00e9 funcions per processar disputes relacionades amb comptes per cobrar.<\/p>\n<p>[\/et_pb_blurb][et_pb_divider show_divider=&#8221;off&#8221; _builder_version=&#8221;4.25.2&#8243; _module_preset=&#8221;default&#8221; custom_margin=&#8221;60px||||false|false&#8221; global_colors_info=&#8221;{}&#8221;][\/et_pb_divider][et_pb_blurb image_icon_background_color=&#8221;RGBA(255,255,255,0)&#8221; image=&#8221;https:\/\/orekait.com\/wp-content\/uploads\/2024\/10\/btn-berde-flecha.png&#8221; alt=&#8221;btn-berde-flecha&#8221; icon_placement=&#8221;left&#8221; image_icon_width=&#8221;55px&#8221; _builder_version=&#8221;4.25.2&#8243; _module_preset=&#8221;default&#8221; global_colors_info=&#8221;{}&#8221;]<\/p>\n<p><strong>SAP In-House Cash (FIN-FSCM-IHC)<\/strong> <br \/>S&#8217;utilitza per processar transaccions de pagament internes i externes. Aix\u00f2 redueix la necessitat de comptes bancaris externs i pagaments entre pa\u00efsos, aix\u00ed com els costos resultants. <\/p>\n<p>[\/et_pb_blurb][\/et_pb_column][\/et_pb_row][\/et_pb_section][et_pb_section fb_built=&#8221;1&#8243; admin_label=&#8221;soluciones oreka it&#8221; module_id=&#8221;productes&#8221; _builder_version=&#8221;4.25.2&#8243; _module_preset=&#8221;default&#8221; custom_margin=&#8221;0px||0px||false|false&#8221; custom_padding=&#8221;0px||0px||false|false&#8221; global_colors_info=&#8221;{}&#8221;][et_pb_row _builder_version=&#8221;4.25.2&#8243; _module_preset=&#8221;default&#8221; width_tablet=&#8221;90%&#8221; width_phone=&#8221;90%&#8221; width_last_edited=&#8221;on|phone&#8221; global_colors_info=&#8221;{}&#8221;][et_pb_column type=&#8221;4_4&#8243; _builder_version=&#8221;4.25.2&#8243; _module_preset=&#8221;default&#8221; global_colors_info=&#8221;{}&#8221;][et_pb_text admin_label=&#8221;Texto&#8221; _builder_version=&#8221;4.25.2&#8243; _module_preset=&#8221;default&#8221; width=&#8221;60%&#8221; width_tablet=&#8221;100%&#8221; width_phone=&#8221;100%&#8221; width_last_edited=&#8221;on|phone&#8221; global_colors_info=&#8221;{}&#8221;]<\/p>\n<h2>Solucions propies Oreka IT<\/h2>\n<p><span>Comptem amb una \u00e0mplia experi\u00e8ncia en el desenvolupament i la implementaci\u00f3 de solucions pr\u00f2pies, recolzats pel nostre alt coneixement en l&#8217;\u00e0mbit empresarial i en les normatives legals vigents.<br \/><\/span><\/p>\n<p>[\/et_pb_text][\/et_pb_column][\/et_pb_row][et_pb_row column_structure=&#8221;1_3,1_3,1_3&#8243; make_equal=&#8221;on&#8221; _builder_version=&#8221;4.25.2&#8243; _module_preset=&#8221;default&#8221; animation_style=&#8221;slide&#8221; animation_direction=&#8221;bottom&#8221; global_colors_info=&#8221;{}&#8221;][et_pb_column type=&#8221;1_3&#8243; _builder_version=&#8221;4.25.2&#8243; _module_preset=&#8221;default&#8221; background_color=&#8221;#f6f6f6&#8243; custom_padding=&#8221;6%|4%|6%|4%|true|true&#8221; border_radii=&#8221;on|15px|15px|15px|15px&#8221; border_width_all=&#8221;1px&#8221; border_color_all=&#8221;#f6f6f6&#8243; global_colors_info=&#8221;{}&#8221;][et_pb_text _builder_version=&#8221;4.25.2&#8243; _module_preset=&#8221;default&#8221; header_line_height=&#8221;30px&#8221; global_colors_info=&#8221;{}&#8221;]<\/p>\n<h3 style=\"line-height: 30px;\">Oreka Confirming Solution<\/h3>\n<p>La nostra soluci\u00f3 optimitza el pagament a prove\u00efdors i accelera la implementaci\u00f3 a SAP, millorant aix\u00ed la gesti\u00f3 de Tresoreria.<\/p>\n<p>[\/et_pb_text][et_pb_button button_url=&#8221;https:\/\/orekait.com\/ca\/producte-embegut-per-a-sap-s-4hana\/oreka-confirming-solution\/&#8221; url_new_window=&#8221;on&#8221; button_text=&#8221;Veure soluci\u00f3&#8221; module_class=&#8221;btn-flecha&#8221; _builder_version=&#8221;4.25.2&#8243; _module_preset=&#8221;default&#8221; custom_button=&#8221;on&#8221; button_text_size=&#8221;16px&#8221; button_text_color=&#8221;#333333&#8243; button_bg_color=&#8221;RGBA(255,255,255,0)&#8221; button_border_color=&#8221;#CD0B79&#8243; button_border_radius=&#8221;50px&#8221; button_icon=&#8221;&#x24;||divi||400&#8243; button_icon_color=&#8221;#CD0B79&#8243; button_on_hover=&#8221;off&#8221; global_colors_info=&#8221;{}&#8221;][\/et_pb_button][\/et_pb_column][et_pb_column type=&#8221;1_3&#8243; _builder_version=&#8221;4.25.2&#8243; _module_preset=&#8221;default&#8221; background_color=&#8221;#f6f6f6&#8243; custom_padding=&#8221;6%|4%|6%|4%|true|true&#8221; border_radii=&#8221;on|15px|15px|15px|15px&#8221; border_width_all=&#8221;1px&#8221; border_color_all=&#8221;#f6f6f6&#8243; global_colors_info=&#8221;{}&#8221;][et_pb_text _builder_version=&#8221;4.25.2&#8243; _module_preset=&#8221;default&#8221; header_line_height=&#8221;30px&#8221; global_colors_info=&#8221;{}&#8221;]<\/p>\n<h3 style=\"line-height: 30px;\">ELOISE<\/h3>\n<p>L&#8217;assistent que comptabilitza factures rebudes a SAP, en formats com PDF o XML i millora el proc\u00e9s de comptabilitzaci\u00f3.<\/p>\n<p>[\/et_pb_text][et_pb_button button_url=&#8221;https:\/\/orekait.com\/ca\/producte-autonom\/eloise-%c2%b7-comptabilitza-factures-rebudes-a-sap\/&#8221; url_new_window=&#8221;on&#8221; button_text=&#8221;Veure soluci\u00f3&#8221; module_class=&#8221;btn-flecha&#8221; _builder_version=&#8221;4.25.2&#8243; _module_preset=&#8221;default&#8221; custom_button=&#8221;on&#8221; button_text_size=&#8221;16px&#8221; button_text_color=&#8221;#333333&#8243; button_bg_color=&#8221;RGBA(255,255,255,0)&#8221; button_border_color=&#8221;#CD0B79&#8243; button_border_radius=&#8221;50px&#8221; button_icon=&#8221;&#x24;||divi||400&#8243; button_icon_color=&#8221;#CD0B79&#8243; button_on_hover=&#8221;off&#8221; global_colors_info=&#8221;{}&#8221;][\/et_pb_button][\/et_pb_column][et_pb_column type=&#8221;1_3&#8243; _builder_version=&#8221;4.25.2&#8243; _module_preset=&#8221;default&#8221; background_color=&#8221;#f6f6f6&#8243; custom_padding=&#8221;6%|4%|6%|4%|true|true&#8221; border_radii=&#8221;on|15px|15px|15px|15px&#8221; border_width_all=&#8221;1px&#8221; border_color_all=&#8221;#f6f6f6&#8243; global_colors_info=&#8221;{}&#8221;][et_pb_text _builder_version=&#8221;4.25.2&#8243; _module_preset=&#8221;default&#8221; header_line_height=&#8221;30px&#8221; global_colors_info=&#8221;{}&#8221;]<\/p>\n<h3 style=\"line-height: 30px;\">TicketBai &amp; Batuz<\/h3>\n<p>Soluci\u00f3 completa de programari (Garant) per complir amb TicketBai i Batuz, a l&#8217;est\u00e0ndard eDocument Cockpit de SAP.<\/p>\n<p>[\/et_pb_text][et_pb_button button_url=&#8221;https:\/\/orekait.com\/ca\/producte-embegut-per-a-sap-s-4hana\/ticketbai-batuz-solution\/&#8221; url_new_window=&#8221;on&#8221; button_text=&#8221;Veure soluci\u00f3&#8221; module_class=&#8221;btn-flecha&#8221; _builder_version=&#8221;4.25.2&#8243; _module_preset=&#8221;default&#8221; custom_button=&#8221;on&#8221; button_text_size=&#8221;16px&#8221; button_text_color=&#8221;#333333&#8243; button_bg_color=&#8221;RGBA(255,255,255,0)&#8221; button_border_color=&#8221;#CD0B79&#8243; button_border_radius=&#8221;50px&#8221; button_font=&#8221;|600|||||||&#8221; button_icon=&#8221;&#x24;||divi||400&#8243; button_icon_color=&#8221;#CD0B79&#8243; button_on_hover=&#8221;off&#8221; global_colors_info=&#8221;{}&#8221;][\/et_pb_button][\/et_pb_column][\/et_pb_row][\/et_pb_section][et_pb_section fb_built=&#8221;1&#8243; admin_label=&#8221;solicita demo&#8221; _builder_version=&#8221;4.25.2&#8243; _module_preset=&#8221;default&#8221; global_colors_info=&#8221;{}&#8221;][et_pb_row column_structure=&#8221;2_5,3_5&#8243; use_custom_gutter=&#8221;on&#8221; _builder_version=&#8221;4.25.2&#8243; _module_preset=&#8221;default&#8221; background_color=&#8221;#f6f6f6&#8243; background_image=&#8221;https:\/\/orekait.com\/wp-content\/uploads\/2024\/10\/fondo-banner-equioo-sin-fondo.png&#8221; width=&#8221;90%&#8221; custom_padding=&#8221;6%|6%|6%|6%|true|true&#8221; background_last_edited=&#8221;on|desktop&#8221; background_enable_image_tablet=&#8221;off&#8221; border_radii=&#8221;on|15px|15px|15px|15px&#8221; border_width_all=&#8221;1px&#8221; border_color_all=&#8221;#f6f6f6&#8243; global_colors_info=&#8221;{}&#8221;][et_pb_column type=&#8221;2_5&#8243; _builder_version=&#8221;4.25.2&#8243; _module_preset=&#8221;default&#8221; global_colors_info=&#8221;{}&#8221;][et_pb_text _builder_version=&#8221;4.25.2&#8243; _module_preset=&#8221;default&#8221; global_colors_info=&#8221;{}&#8221;]<\/p>\n<h2 class=\"size-36\">Demana el teu demo<\/h2>\n<p>Descobreix com les nostres solucions poden transformar el teu negoci! Agenda una demostraci\u00f3 i els nostres experts us guiaran per con\u00e8ixer en detall el producte que m\u00e9s us interessi. <\/p>\n<p>[\/et_pb_text][et_pb_button button_url=&#8221;https:\/\/orekait.com\/ca\/demana-mes-informacio-o-sollicita-una-demo\/&#8221; url_new_window=&#8221;on&#8221; button_text=&#8221;Demana el teu demo&#8221; module_class=&#8221;btn-flecha white&#8221; _builder_version=&#8221;4.25.2&#8243; _module_preset=&#8221;default&#8221; custom_button=&#8221;on&#8221; button_text_size=&#8221;16px&#8221; button_text_color=&#8221;#333333&#8243; button_bg_color=&#8221;#CD0B79&#8243; button_border_color=&#8221;#CD0B79&#8243; button_border_radius=&#8221;50px&#8221; button_icon=&#8221;&#x24;||divi||400&#8243; button_icon_color=&#8221;#ffffff&#8221; button_on_hover=&#8221;off&#8221; animation_style=&#8221;slide&#8221; animation_direction=&#8221;left&#8221; global_colors_info=&#8221;{}&#8221;][\/et_pb_button][\/et_pb_column][et_pb_column type=&#8221;3_5&#8243; _builder_version=&#8221;4.25.2&#8243; _module_preset=&#8221;default&#8221; global_colors_info=&#8221;{}&#8221;][\/et_pb_column][\/et_pb_row][\/et_pb_section][et_pb_section fb_built=&#8221;1&#8243; admin_label=&#8221;faqs&#8221; module_id=&#8221;faqs&#8221; _builder_version=&#8221;4.25.2&#8243; _module_preset=&#8221;default&#8221; custom_margin=&#8221;0px||||false|false&#8221; custom_padding=&#8221;0px||||false|false&#8221; global_colors_info=&#8221;{}&#8221;][et_pb_row _builder_version=&#8221;4.25.2&#8243; _module_preset=&#8221;default&#8221; width=&#8221;60%&#8221; width_tablet=&#8221;80%&#8221; width_phone=&#8221;80%&#8221; width_last_edited=&#8221;on|desktop&#8221; global_colors_info=&#8221;{}&#8221;][et_pb_column type=&#8221;4_4&#8243; _builder_version=&#8221;4.25.2&#8243; _module_preset=&#8221;default&#8221; global_colors_info=&#8221;{}&#8221;][et_pb_text _builder_version=&#8221;4.25.2&#8243; _module_preset=&#8221;default&#8221; text_orientation=&#8221;center&#8221; global_colors_info=&#8221;{}&#8221;]<\/p>\n<h2 class=\"size-36\">FAQ\u00b4S<\/h2>\n<p>[\/et_pb_text][et_pb_accordion open_toggle_background_color=&#8221;RGBA(255,255,255,0)&#8221; closed_toggle_background_color=&#8221;RGBA(255,255,255,0)&#8221; icon_color=&#8221;#00E1BB&#8221; use_icon_font_size=&#8221;on&#8221; icon_font_size=&#8221;30px&#8221; _builder_version=&#8221;4.25.2&#8243; _module_preset=&#8221;default&#8221; scroll_fade_enable=&#8221;on&#8221; border_width_all=&#8221;2px&#8221; border_color_all=&#8221;#00E1BB&#8221; global_colors_info=&#8221;{}&#8221;][et_pb_accordion_item title=&#8221;Qu\u00e8 \u00e9s TicketBAI?&#8221; open=&#8221;on&#8221; _builder_version=&#8221;4.25.2&#8243; _module_preset=&#8221;default&#8221; global_colors_info=&#8221;{}&#8221;]<\/p>\n<p><span>TicketBAI \u00e9s la normativa que modifica els processos de facturaci\u00f3 a \u00c0laba, Biscaia i Guip\u00fascoa per tal d&#8217;avan\u00e7ar en la lluita contra el frau fiscal. Aquesta estableix uns requisits legals de compliment obligat en l&#8217;emissi\u00f3 de factures per a les empreses.<br \/> <\/span><\/p>\n<p>[\/et_pb_accordion_item][et_pb_accordion_item title=&#8221;Com tributen les empreses del Pa\u00eds Basc?&#8221; _builder_version=&#8221;4.25.2&#8243; _module_preset=&#8221;default&#8221; global_colors_info=&#8221;{}&#8221; open=&#8221;off&#8221;]<\/p>\n<p>La hisenda foral de cada Territori Hist\u00f2ric \u00e9s la responsable de la recaptaci\u00f3 de la majoria dels impostos al Pa\u00eds Basc, incl\u00f2s l&#8217;impost de societats.<\/p>\n<p>A \u00c0laba, per exemple, el tipus general per a aquest impost \u00e9s del 26%.<\/p>\n<p>[\/et_pb_accordion_item][et_pb_accordion_item title=&#8221;Com tributen les empreses de Navarra?&#8221; _builder_version=&#8221;4.25.2&#8243; _module_preset=&#8221;default&#8221; global_colors_info=&#8221;{}&#8221; open=&#8221;off&#8221;]<\/p>\n<p>La Hisenda Foral de Navarra \u00e9s la responsable de recaptar la majoria dels impostos al Territori, entre ells l&#8217;impost sobre societats. Els tipus de gravamen s\u00f3n: 23% per a les petites empreses, 19% per a microempreses, 17% per a Societats Cooperatives, fiscalment protegides per als resultats cooperatius i les Societats Laborals que compleixin determinats requisits, i 10% per a les entitats acollides al R\u00e8gim Fiscal de la llei 10\/1996 de les fundacions i activitats de patrocini.<\/p>\n<p>[\/et_pb_accordion_item][\/et_pb_accordion][\/et_pb_column][\/et_pb_row][\/et_pb_section]<\/p>\n","protected":false},"excerpt":{"rendered":"<p>FINANCESGesti\u00f3 tribut\u00e0riaA Oreka IT som experts en solucions de gesti\u00f3 tribut\u00e0ria i comunicaci\u00f3 autom\u00e0tica amb les administracions p\u00fabliques. Comptem amb solucions pr\u00f2pies per al Subministrament Immediat d&#8217;Informaci\u00f3 SII de l&#8217;IVA, TicketBAI, Bizkaia BATUZ, Llibre d&#8217;Operacions en Consigna i Impost del Pl\u00e0stic, , i adeq\u00fcem els sistemes a la Facturaci\u00f3 Electr\u00f2nica B2B o amb Administracions. A [&hellip;]<\/p>\n","protected":false},"author":2,"featured_media":14098,"parent":27000,"menu_order":0,"comment_status":"closed","ping_status":"closed","template":"","meta":{"_et_pb_use_builder":"on","_et_pb_old_content":"","_et_gb_content_width":"","footnotes":""},"class_list":["post-27018","page","type-page","status-publish","has-post-thumbnail","hentry"],"_links":{"self":[{"href":"https:\/\/orekait.com\/ca\/wp-json\/wp\/v2\/pages\/27018","targetHints":{"allow":["GET"]}}],"collection":[{"href":"https:\/\/orekait.com\/ca\/wp-json\/wp\/v2\/pages"}],"about":[{"href":"https:\/\/orekait.com\/ca\/wp-json\/wp\/v2\/types\/page"}],"author":[{"embeddable":true,"href":"https:\/\/orekait.com\/ca\/wp-json\/wp\/v2\/users\/2"}],"replies":[{"embeddable":true,"href":"https:\/\/orekait.com\/ca\/wp-json\/wp\/v2\/comments?post=27018"}],"version-history":[{"count":6,"href":"https:\/\/orekait.com\/ca\/wp-json\/wp\/v2\/pages\/27018\/revisions"}],"predecessor-version":[{"id":35136,"href":"https:\/\/orekait.com\/ca\/wp-json\/wp\/v2\/pages\/27018\/revisions\/35136"}],"up":[{"embeddable":true,"href":"https:\/\/orekait.com\/ca\/wp-json\/wp\/v2\/pages\/27000"}],"wp:featuredmedia":[{"embeddable":true,"href":"https:\/\/orekait.com\/ca\/wp-json\/wp\/v2\/media\/14098"}],"wp:attachment":[{"href":"https:\/\/orekait.com\/ca\/wp-json\/wp\/v2\/media?parent=27018"}],"curies":[{"name":"wp","href":"https:\/\/api.w.org\/{rel}","templated":true}]}}